{"id":647,"date":"2020-08-11T16:53:35","date_gmt":"2020-08-11T16:53:35","guid":{"rendered":"http:\/\/terramae.pt\/inicio\/?page_id=647"},"modified":"2020-11-12T21:55:14","modified_gmt":"2020-11-12T21:55:14","slug":"mapa-do-site","status":"publish","type":"page","link":"http:\/\/terramae.pt\/inicio\/mapa-do-site\/","title":{"rendered":"Mapa do site"},"content":{"rendered":"<div id=\"pl-647\"  class=\"panel-layout\" ><div id=\"pg-647-0\"  class=\"panel-grid panel-no-style\" ><div id=\"pgc-647-0-0\"  class=\"panel-grid-cell\" ><div id=\"panel-647-0-0-0\" class=\"so-panel widget widget_nav_menu panel-first-child panel-last-child\" data-index=\"0\" ><div class=\"panel-widget-style panel-widget-style-for-647-0-0-0\" ><div class=\"menu-top_menu-container\"><ul id=\"menu-top_menu\" class=\"menu\"><li id=\"menu-item-1925\" class=\"menu-item menu-item-type-post_type menu-item-object-page menu-item-home menu-item-1925\"><a href=\"http:\/\/terramae.pt\/inicio\/\">In\u00edcio<\/a><\/li>\n<li id=\"menu-item-945\" class=\"menu-item menu-item-type-custom menu-item-object-custom menu-item-has-children menu-item-945\"><a>A Institui\u00e7\u00e3o<\/a>\n<ul class=\"sub-menu\">\n\t<li id=\"menu-item-3531\" class=\"menu-item menu-item-type-post_type menu-item-object-page menu-item-3531\"><a href=\"http:\/\/terramae.pt\/inicio\/a-instituicao\/mensagem-do-presidente\/\">Mensagem do Presidente<\/a><\/li>\n\t<li id=\"menu-item-51\" class=\"menu-item menu-item-type-post_type menu-item-object-page menu-item-51\"><a href=\"http:\/\/terramae.pt\/inicio\/a-instituicao\/historial\/\">Historial<\/a><\/li>\n\t<li id=\"menu-item-1307\" class=\"menu-item menu-item-type-post_type menu-item-object-page menu-item-1307\"><a href=\"http:\/\/terramae.pt\/inicio\/a-instituicao\/visao-missao-e-valores\/\">Miss\u00e3o, Vis\u00e3o e valores<\/a><\/li>\n\t<li id=\"menu-item-53\" class=\"menu-item menu-item-type-post_type menu-item-object-page menu-item-53\"><a href=\"http:\/\/terramae.pt\/inicio\/a-instituicao\/orgaos-sociais\/\">\u00d3rg\u00e3os Sociais<\/a><\/li>\n\t<li id=\"menu-item-512\" class=\"menu-item menu-item-type-post_type menu-item-object-page menu-item-512\"><a href=\"http:\/\/terramae.pt\/inicio\/a-instituicao\/organograma\/\">Organograma<\/a><\/li>\n\t<li id=\"menu-item-1926\" class=\"menu-item menu-item-type-custom menu-item-object-custom menu-item-has-children menu-item-1926\"><a>Documenta\u00e7\u00e3o<\/a>\n\t<ul class=\"sub-menu\">\n\t\t<li id=\"menu-item-500\" class=\"menu-item menu-item-type-post_type menu-item-object-page menu-item-500\"><a href=\"http:\/\/terramae.pt\/inicio\/a-instituicao\/documentacao\/estatutos\/\">Estatutos<\/a><\/li>\n\t\t<li id=\"menu-item-1324\" class=\"menu-item menu-item-type-custom menu-item-object-custom menu-item-1324\"><a href=\"http:\/\/terramae.pt\/inicio\/category\/documentos-oficiais\/relatorio-de-atividades-e-de-contas\/\">Relat\u00f3rio de Contas e Atividades<\/a><\/li>\n\t\t<li id=\"menu-item-1927\" class=\"menu-item menu-item-type-custom menu-item-object-custom menu-item-1927\"><a href=\"http:\/\/terramae.pt\/inicio\/category\/documentos-oficiais\/plano-de-atividades\/\">Plano de Atividades<\/a><\/li>\n\t<\/ul>\n<\/li>\n\t<li id=\"menu-item-1928\" class=\"menu-item menu-item-type-custom menu-item-object-custom menu-item-has-children menu-item-1928\"><a>Sustentabilidade<\/a>\n\t<ul class=\"sub-menu\">\n\t\t<li id=\"menu-item-1935\" class=\"menu-item menu-item-type-post_type menu-item-object-page menu-item-1935\"><a href=\"http:\/\/terramae.pt\/inicio\/parcerias\/\">Parcerias<\/a><\/li>\n\t\t<li id=\"menu-item-1936\" class=\"menu-item menu-item-type-post_type menu-item-object-page menu-item-1936\"><a href=\"http:\/\/terramae.pt\/inicio\/campanha-do-papel\/\">Campanha do Papel<\/a><\/li>\n\t<\/ul>\n<\/li>\n\t<li id=\"menu-item-1938\" class=\"menu-item menu-item-type-post_type menu-item-object-page menu-item-1938\"><a href=\"http:\/\/terramae.pt\/inicio\/a-instituicao\/politicas-de-privacidade\/\">Pol\u00edticas de Privacidade<\/a><\/li>\n\t<li id=\"menu-item-578\" class=\"menu-item menu-item-type-post_type menu-item-object-page menu-item-578\"><a href=\"http:\/\/terramae.pt\/inicio\/a-instituicao\/instalacoes\/\">Instala\u00e7\u00f5es<\/a><\/li>\n\t<li id=\"menu-item-1939\" class=\"menu-item menu-item-type-custom menu-item-object-custom menu-item-1939\"><a href=\"https:\/\/www.livroreclamacoes.pt\/inicio\">Livro de Reclama\u00e7\u00f5es Eletr\u00f3nico<\/a><\/li>\n<\/ul>\n<\/li>\n<li id=\"menu-item-876\" class=\"menu-item menu-item-type-custom menu-item-object-custom menu-item-has-children menu-item-876\"><a>Interven\u00e7\u00e3o<\/a>\n<ul class=\"sub-menu\">\n\t<li id=\"menu-item-3044\" class=\"menu-item menu-item-type-custom menu-item-object-custom menu-item-has-children menu-item-3044\"><a>SAAS<\/a>\n\t<ul class=\"sub-menu\">\n\t\t<li id=\"menu-item-2994\" class=\"menu-item menu-item-type-post_type menu-item-object-page menu-item-2994\"><a href=\"http:\/\/terramae.pt\/inicio\/saas\/saas-quem-somos\/\">Quem Somos<\/a><\/li>\n\t\t<li id=\"menu-item-3024\" class=\"menu-item menu-item-type-post_type menu-item-object-page menu-item-3024\"><a href=\"http:\/\/terramae.pt\/inicio\/saas\/psicologia\/\">Psicologia<\/a><\/li>\n\t\t<li id=\"menu-item-3025\" class=\"menu-item menu-item-type-post_type menu-item-object-page menu-item-3025\"><a href=\"http:\/\/terramae.pt\/inicio\/saas\/loja-social\/\">Loja Social<\/a><\/li>\n\t\t<li id=\"menu-item-3031\" class=\"menu-item menu-item-type-post_type menu-item-object-page menu-item-3031\"><a href=\"http:\/\/terramae.pt\/inicio\/saas\/apoio-alimentar\/\">Apoio Alimentar<\/a><\/li>\n\t\t<li id=\"menu-item-3039\" class=\"menu-item menu-item-type-post_type menu-item-object-page menu-item-3039\"><a href=\"http:\/\/terramae.pt\/inicio\/saas\/ajudas-tecnicas\/\">Ajudas T\u00e9cnicas<\/a><\/li>\n\t\t<li id=\"menu-item-3042\" class=\"menu-item menu-item-type-post_type menu-item-object-page menu-item-3042\"><a href=\"http:\/\/terramae.pt\/inicio\/saas\/atividades-para-criancas-e-jovens\/\">Atividades para crian\u00e7as e jovens<\/a><\/li>\n\t\t<li id=\"menu-item-3059\" class=\"menu-item menu-item-type-post_type menu-item-object-page menu-item-3059\"><a href=\"http:\/\/terramae.pt\/inicio\/saas\/formacao-para-adultos\/\">Forma\u00e7\u00e3o para Adultos<\/a><\/li>\n\t\t<li id=\"menu-item-3065\" class=\"menu-item menu-item-type-post_type menu-item-object-page menu-item-3065\"><a href=\"http:\/\/terramae.pt\/inicio\/saas\/grupo-intervencao-social-integrada\/\">Grupo de Interven\u00e7\u00e3o Social Integrada<\/a><\/li>\n\t<\/ul>\n<\/li>\n\t<li id=\"menu-item-2623\" class=\"menu-item menu-item-type-custom menu-item-object-custom menu-item-has-children menu-item-2623\"><a>ELI<\/a>\n\t<ul class=\"sub-menu\">\n\t\t<li id=\"menu-item-573\" class=\"menu-item menu-item-type-post_type menu-item-object-page menu-item-573\"><a href=\"http:\/\/terramae.pt\/inicio\/equipa-local-de-intervencao\/eli-quem-somos\/\">Quem Somos<\/a><\/li>\n\t\t<li id=\"menu-item-2055\" class=\"menu-item menu-item-type-post_type menu-item-object-page menu-item-2055\"><a href=\"http:\/\/terramae.pt\/inicio\/equipa-local-de-intervencao\/objetivos-da-intervencao\/\">Objetivos da Interven\u00e7\u00e3o<\/a><\/li>\n\t\t<li id=\"menu-item-2065\" class=\"menu-item menu-item-type-post_type menu-item-object-page menu-item-2065\"><a href=\"http:\/\/terramae.pt\/inicio\/equipa-local-de-intervencao\/principais-funcoes-da-eli\/\">Principais fun\u00e7\u00f5es da ELI<\/a><\/li>\n\t\t<li id=\"menu-item-2458\" class=\"menu-item menu-item-type-post_type menu-item-object-page menu-item-2458\"><a href=\"http:\/\/terramae.pt\/inicio\/equipa-local-de-intervencao\/a-imporetancia-de-intervir-precocemente\/\">A Import\u00e2ncia de Intervir Precocemente<\/a><\/li>\n\t\t<li id=\"menu-item-3172\" class=\"menu-item menu-item-type-post_type menu-item-object-page menu-item-3172\"><a href=\"http:\/\/terramae.pt\/inicio\/equipa-local-de-intervencao\/servico-snipi\/\">Servi\u00e7o SNIPI<\/a><\/li>\n\t\t<li id=\"menu-item-2004\" class=\"menu-item menu-item-type-post_type menu-item-object-page menu-item-2004\"><a href=\"http:\/\/terramae.pt\/inicio\/equipa-local-de-intervencao\/perguntas-frequentes\/\">Perguntas frequentes<\/a><\/li>\n\t<\/ul>\n<\/li>\n\t<li id=\"menu-item-572\" class=\"menu-item menu-item-type-post_type menu-item-object-page menu-item-572\"><a href=\"http:\/\/terramae.pt\/inicio\/atm-quem-somos\/\">ATM<\/a><\/li>\n\t<li id=\"menu-item-1386\" class=\"menu-item menu-item-type-post_type menu-item-object-page menu-item-1386\"><a href=\"http:\/\/terramae.pt\/inicio\/cp-quem-somos\/\">Candidaturas e Projetos<\/a><\/li>\n<\/ul>\n<\/li>\n<li id=\"menu-item-3720\" class=\"menu-item menu-item-type-custom menu-item-object-custom menu-item-has-children menu-item-3720\"><a>Publica\u00e7\u00f5es<\/a>\n<ul class=\"sub-menu\">\n\t<li id=\"menu-item-991\" class=\"menu-item menu-item-type-custom menu-item-object-custom menu-item-991\"><a href=\"http:\/\/terramae.pt\/inicio\/publicacoes\">Publica\u00e7\u00f5es<\/a><\/li>\n\t<li id=\"menu-item-3729\" class=\"menu-item menu-item-type-custom menu-item-object-custom menu-item-3729\"><a href=\"http:\/\/terramae.pt\/inicio\/category\/newsletter\/\">Newsletter<\/a><\/li>\n<\/ul>\n<\/li>\n<li id=\"menu-item-1978\" class=\"menu-item menu-item-type-post_type menu-item-object-page menu-item-1978\"><a href=\"http:\/\/terramae.pt\/inicio\/como-ajudar\/\">Como ajudar<\/a><\/li>\n<li id=\"menu-item-633\" class=\"menu-item menu-item-type-custom menu-item-object-custom menu-item-home menu-item-633\"><a href=\"http:\/\/terramae.pt\/inicio\/#contactos\">Contactos<\/a><\/li>\n<\/ul><\/div><\/div><\/div><\/div><\/div><\/div>","protected":false},"excerpt":{"rendered":"<p>In\u00edcio A Institui\u00e7\u00e3o Mensagem do Presidente Historial Miss\u00e3o, Vis\u00e3o e valores \u00d3rg\u00e3os Sociais Organograma Documenta\u00e7\u00e3o Estatutos Relat\u00f3rio de Contas e Atividades Plano de Atividades Sustentabilidade Parcerias Campanha do Papel Pol\u00edticas de Privacidade Instala\u00e7\u00f5es Livro de Reclama\u00e7\u00f5es Eletr\u00f3nico Interven\u00e7\u00e3o SAAS Quem [&hellip;]<\/p>\n","protected":false},"author":1,"featured_media":0,"parent":0,"menu_order":0,"comment_status":"closed","ping_status":"closed","template":"","meta":{"ngg_post_thumbnail":0,"footnotes":""},"class_list":["post-647","page","type-page","status-publish","hentry"],"_links":{"self":[{"href":"http:\/\/terramae.pt\/inicio\/wp-json\/wp\/v2\/pages\/647","targetHints":{"allow":["GET"]}}],"collection":[{"href":"http:\/\/terramae.pt\/inicio\/wp-json\/wp\/v2\/pages"}],"about":[{"href":"http:\/\/terramae.pt\/inicio\/wp-json\/wp\/v2\/types\/page"}],"author":[{"embeddable":true,"href":"http:\/\/terramae.pt\/inicio\/wp-json\/wp\/v2\/users\/1"}],"replies":[{"embeddable":true,"href":"http:\/\/terramae.pt\/inicio\/wp-json\/wp\/v2\/comments?post=647"}],"version-history":[{"count":17,"href":"http:\/\/terramae.pt\/inicio\/wp-json\/wp\/v2\/pages\/647\/revisions"}],"predecessor-version":[{"id":2971,"href":"http:\/\/terramae.pt\/inicio\/wp-json\/wp\/v2\/pages\/647\/revisions\/2971"}],"wp:attachment":[{"href":"http:\/\/terramae.pt\/inicio\/wp-json\/wp\/v2\/media?parent=647"}],"curies":[{"name":"wp","href":"https:\/\/api.w.org\/{rel}","templated":true}]}}