{"id":569,"date":"2020-08-11T15:32:04","date_gmt":"2020-08-11T15:32:04","guid":{"rendered":"http:\/\/terramae.pt\/inicio\/?page_id=569"},"modified":"2020-11-17T11:56:21","modified_gmt":"2020-11-17T11:56:21","slug":"atm-quem-somos","status":"publish","type":"page","link":"http:\/\/terramae.pt\/inicio\/atm-quem-somos\/","title":{"rendered":"Atividades TerraM\u00e3e"},"content":{"rendered":"<div id=\"pl-569\"  class=\"panel-layout\" ><div id=\"pg-569-0\"  class=\"panel-grid panel-no-style\" ><div id=\"pgc-569-0-0\"  class=\"panel-grid-cell\" ><div id=\"panel-569-0-0-0\" class=\"so-panel widget widget_sow-image panel-first-child\" data-index=\"0\" ><div\n\t\t\t\n\t\t\tclass=\"so-widget-sow-image so-widget-sow-image-default-c67d20f9f743-569\"\n\t\t\t\n\t\t>\n<div class=\"sow-image-container\">\n\t\t<img \n\tsrc=\"http:\/\/terramae.pt\/inicio\/wp-content\/uploads\/2020\/10\/logo_ATM-300x300.jpg\" width=\"300\" height=\"300\" srcset=\"http:\/\/terramae.pt\/inicio\/wp-content\/uploads\/2020\/10\/logo_ATM-300x300.jpg 300w, http:\/\/terramae.pt\/inicio\/wp-content\/uploads\/2020\/10\/logo_ATM-150x150.jpg 150w, http:\/\/terramae.pt\/inicio\/wp-content\/uploads\/2020\/10\/logo_ATM.jpg 500w\" sizes=\"(max-width: 300px) 100vw, 300px\" alt=\"\" \t\tclass=\"so-widget-image\"\/>\n\t<\/div>\n\n<\/div><\/div><div id=\"panel-569-0-0-1\" class=\"so-panel widget widget_sow-editor panel-last-child\" data-index=\"1\" ><div\n\t\t\t\n\t\t\tclass=\"so-widget-sow-editor so-widget-sow-editor-base\"\n\t\t\t\n\t\t>\n<div class=\"siteorigin-widget-tinymce textwidget\">\n\t<p style=\"text-align: justify;\">A TerraM\u00e3e tem vindo a consolidar o trabalho desenvolvido nos \u00faltimos anos em todo o concelho de Viana do Alentejo. Para al\u00e9m do trabalho com fam\u00edlias atrav\u00e9s das suas respostas sociais, dinamiza uma s\u00e9rie de atividades numa perspetiva de participa\u00e7\u00e3o ativa e de trabalho concertado com as v\u00e1rias entidades do concelho.<\/p>\n<p style=\"text-align: justify;\">A Associa\u00e7\u00e3o organiza e participa em v\u00e1rias atividades s\u00f3cio culturais do concelho, como s\u00e3o as feiras francas e atividades organizadas pela C\u00e2mara Municipal e Juntas de Freguesia.<\/p>\n<p style=\"text-align: justify;\">Com a NOSSA sede, garagens e arrumos constru\u00eddos de raiz, conseguimos manter a din\u00e2mica prevista atrav\u00e9s do desenvolvimento das atividades programadas, no sentido da melhoria do trabalho em prol da popula\u00e7\u00e3o do concelho:<\/p>\n<ul>\n<li style=\"text-align: justify;\">Campanha \u201cEm cada crian\u00e7a uma esperan\u00e7a\u201d (o nosso lema);<\/li>\n<li style=\"text-align: justify;\">Apoio na organiza\u00e7\u00e3o de sess\u00f5es de recolha de sangue;<\/li>\n<li style=\"text-align: justify;\">Comemora\u00e7\u00e3o do anivers\u00e1rio da Associa\u00e7\u00e3o \u2013 H\u00e1 festa na rua;<\/li>\n<li style=\"text-align: justify;\">Participa\u00e7\u00e3o na Feira D\u2019Aires;<\/li>\n<li style=\"text-align: justify;\">Participa\u00e7\u00e3o na feira do Chocalho;<\/li>\n<li style=\"text-align: justify;\">Participa\u00e7\u00e3o na Semana Cultural de Alc\u00e1\u00e7ovas;<\/li>\n<li style=\"text-align: justify;\">Recolhas do Banco Alimentar;<\/li>\n<li style=\"text-align: justify;\">Campanha \u201cReciclar na nossa terra\u201d.<\/li>\n<\/ul>\n<\/div>\n<\/div><\/div><\/div><\/div><div id=\"pg-569-1\"  class=\"panel-grid panel-has-style\" ><div class=\"siteorigin-panels-stretch panel-row-style panel-row-style-for-569-1\" data-stretch-type=\"full\" ><div id=\"pgc-569-1-0\"  class=\"panel-grid-cell\" ><div id=\"panel-569-1-0-0\" class=\"so-panel widget widget_sow-headline panel-first-child\" data-index=\"2\" ><div class=\"panel-widget-style panel-widget-style-for-569-1-0-0\" ><div\n\t\t\t\n\t\t\tclass=\"so-widget-sow-headline so-widget-sow-headline-default-a61ad8b136b0-569 so-widget-fittext-wrapper\"\n\t\t\t data-fit-text-compressor=\"0.85\"\n\t\t><div class=\"sow-headline-container \">\n\t\t\t\t\t\t\t<h3 class=\"sow-headline\">\n\t\t\t\t\t\t\u00daLTIMAS ATIVIDADES\t\t\t\t\t\t<\/h3>\n\t\t\t\t\t\t<\/div>\n<\/div><\/div><\/div><div id=\"panel-569-1-0-1\" class=\"so-panel widget widget_sow-post-carousel panel-last-child\" data-index=\"3\" ><div class=\"panel-widget-style panel-widget-style-for-569-1-0-1\" ><div\n\t\t\t\n\t\t\tclass=\"so-widget-sow-post-carousel so-widget-sow-post-carousel-base-16185f985534-569\"\n\t\t\t\n\t\t>\t<div\n\t\tclass=\"sow-post-carousel-wrapper sow-post-carousel-theme-base\"\n\t\tstyle=\"overflow: hidden; max-width: 100%; min-height: 182px\"\n\t>\n\t\t<div class=\"sow-carousel-title\">\n\t\t\t<div class=\"sow-carousel-navigation \">\n\t\t\t\t\t\t<a href=\"#\" class=\"sow-carousel-next\" title=\"Next\" aria-label=\"Next Posts\" role=\"button\"><\/a>\n\t\t\t\t\t\t<a href=\"#\" class=\"sow-carousel-previous\" title=\"Previous\" aria-label=\"Previous Posts\" role=\"button\"><\/a>\n\t\t\t\t\t<\/div>\n\t<\/div>\n\n<div class=\"sow-carousel-container \">\n\t\t<div class=\"sow-carousel-wrapper\"\n\t\tdata-dir=\"ltr\"\n\t\tstyle=\"opacity: 0;\"\n\t\tdata-widget=\"post\" data-fetching=\"false\" data-page=\"1\" data-ajax-url=\"http:\/\/terramae.pt\/inicio\/wp-admin\/admin-ajax.php?_widgets_nonce=a73ff9ed35\" data-item_count=\"17\" data-carousel_settings=\"{&quot;loop&quot;:false,&quot;animation&quot;:&quot;Ease&quot;,&quot;animation_speed&quot;:400,&quot;autoplay&quot;:&quot;&quot;,&quot;pauseOnHover&quot;:&quot;&quot;,&quot;autoplaySpeed&quot;:8000,&quot;item_overflow&quot;:true,&quot;autoplay_continuous_scroll&quot;:false}\" data-responsive=\"{&quot;desktop_slides_to_scroll&quot;:1,&quot;tablet_landscape_breakpoint&quot;:1366,&quot;tablet_landscape_slides_to_scroll&quot;:2,&quot;tablet_portrait_breakpoint&quot;:1025,&quot;tablet_portrait_slides_to_scroll&quot;:2,&quot;mobile_breakpoint&quot;:480,&quot;mobile_slides_to_scroll&quot;:1}\" data-variable_width=\"true\" \t>\n\t\t<div\n\t\t\tclass=\"sow-carousel-items\"\n\t\t\t\t\t>\n\t\t\t\t<div class=\"sow-carousel-item\" tabindex=\"-1\" style=\"float: left;\">\n\t\t<div class=\"sow-carousel-thumbnail\">\n\t\t\t\t\t\t\t<a\n\t\t\t\t\thref=\"http:\/\/terramae.pt\/inicio\/2020\/11\/09\/oferta-de-100-mascaras-reutilizaveis-pelo-municipio-de-viana-do-alentejo\/\"\n\t\t\t\t\t\t\t\t\t\tstyle=\"background-image: url( http:\/\/terramae.pt\/inicio\/wp-content\/uploads\/2020\/11\/act-atm-1-272x182.jpg )\"\n\t\t\t\t\taria-labelledby=\"sow-carousel-id-2744\"\n\t\t\t\t\ttabindex=\"-1\"\n\t\t\t\t>\n\t\t\t\t\t<span class=\"overlay\"><\/span>\n\t\t\t\t<\/a>\n\t\t\t\t\t<\/div>\n\t\t<h3 class=\"sow-carousel-item-title\">\n\t\t\t<a\n\t\t\t\thref=\"http:\/\/terramae.pt\/inicio\/2020\/11\/09\/oferta-de-100-mascaras-reutilizaveis-pelo-municipio-de-viana-do-alentejo\/\"\n\t\t\t\tid=\"sow-carousel-id-2744\"\n\t\t\t\t\t\t\t\ttabindex=\"-1\"\n\t\t\t>\n\n\t\t\t\tOferta de 100 m\u00e1scaras reutiliz\u00e1veis pelo Munic\u00edpio de Viana do Alentejo\t\t\t<\/a>\n\t\t<\/h3>\n\t<\/div>\n\t\t<div class=\"sow-carousel-item\" tabindex=\"-1\" style=\"float: left;\">\n\t\t<div class=\"sow-carousel-thumbnail\">\n\t\t\t\t\t\t\t<a\n\t\t\t\t\thref=\"http:\/\/terramae.pt\/inicio\/2020\/11\/09\/o-natal-da-terramae-2019\/\"\n\t\t\t\t\t\t\t\t\t\tstyle=\"background-image: url( http:\/\/terramae.pt\/inicio\/wp-content\/uploads\/2020\/11\/act2-atm-272x182.jpg )\"\n\t\t\t\t\taria-labelledby=\"sow-carousel-id-2738\"\n\t\t\t\t\ttabindex=\"-1\"\n\t\t\t\t>\n\t\t\t\t\t<span class=\"overlay\"><\/span>\n\t\t\t\t<\/a>\n\t\t\t\t\t<\/div>\n\t\t<h3 class=\"sow-carousel-item-title\">\n\t\t\t<a\n\t\t\t\thref=\"http:\/\/terramae.pt\/inicio\/2020\/11\/09\/o-natal-da-terramae-2019\/\"\n\t\t\t\tid=\"sow-carousel-id-2738\"\n\t\t\t\t\t\t\t\ttabindex=\"-1\"\n\t\t\t>\n\n\t\t\t\tO Natal da TerraM\u00e3e 2019\t\t\t<\/a>\n\t\t<\/h3>\n\t<\/div>\n\t\t<div class=\"sow-carousel-item\" tabindex=\"-1\" style=\"float: left;\">\n\t\t<div class=\"sow-carousel-thumbnail\">\n\t\t\t\t\t\t\t<a\n\t\t\t\t\thref=\"http:\/\/terramae.pt\/inicio\/2020\/11\/04\/campanha-de-papel-por-alimentos\/\"\n\t\t\t\t\t\t\t\t\t\tstyle=\"background-image: url( http:\/\/terramae.pt\/inicio\/wp-content\/uploads\/2020\/11\/gasal_papel_novembro2012-272x182.jpg )\"\n\t\t\t\t\taria-labelledby=\"sow-carousel-id-2188\"\n\t\t\t\t\ttabindex=\"-1\"\n\t\t\t\t>\n\t\t\t\t\t<span class=\"overlay\"><\/span>\n\t\t\t\t<\/a>\n\t\t\t\t\t<\/div>\n\t\t<h3 class=\"sow-carousel-item-title\">\n\t\t\t<a\n\t\t\t\thref=\"http:\/\/terramae.pt\/inicio\/2020\/11\/04\/campanha-de-papel-por-alimentos\/\"\n\t\t\t\tid=\"sow-carousel-id-2188\"\n\t\t\t\t\t\t\t\ttabindex=\"-1\"\n\t\t\t>\n\n\t\t\t\tCampanha de Papel por Alimentos\t\t\t<\/a>\n\t\t<\/h3>\n\t<\/div>\n\t\t<div class=\"sow-carousel-item\" tabindex=\"-1\" style=\"float: left;\">\n\t\t<div class=\"sow-carousel-thumbnail\">\n\t\t\t\t\t\t\t<a\n\t\t\t\t\thref=\"http:\/\/terramae.pt\/inicio\/2020\/10\/27\/18o-aniversario-da-associacao-terramae\/\"\n\t\t\t\t\t\t\t\t\t\tstyle=\"background-image: url( http:\/\/terramae.pt\/inicio\/wp-content\/uploads\/2020\/10\/n-1-272x182.jpg )\"\n\t\t\t\t\taria-labelledby=\"sow-carousel-id-1773\"\n\t\t\t\t\ttabindex=\"-1\"\n\t\t\t\t>\n\t\t\t\t\t<span class=\"overlay\"><\/span>\n\t\t\t\t<\/a>\n\t\t\t\t\t<\/div>\n\t\t<h3 class=\"sow-carousel-item-title\">\n\t\t\t<a\n\t\t\t\thref=\"http:\/\/terramae.pt\/inicio\/2020\/10\/27\/18o-aniversario-da-associacao-terramae\/\"\n\t\t\t\tid=\"sow-carousel-id-1773\"\n\t\t\t\t\t\t\t\ttabindex=\"-1\"\n\t\t\t>\n\n\t\t\t\t18\u00ba Anivers\u00e1rio da Associa\u00e7\u00e3o TerraM\u00e3e\t\t\t<\/a>\n\t\t<\/h3>\n\t<\/div>\n\t\t<div class=\"sow-carousel-item\" tabindex=\"-1\" style=\"float: left;\">\n\t\t<div class=\"sow-carousel-thumbnail\">\n\t\t\t\t\t\t\t<a\n\t\t\t\t\thref=\"http:\/\/terramae.pt\/inicio\/2020\/10\/27\/inauguracao-do-edificio-da-garagem-da-associacao-terramae\/\"\n\t\t\t\t\t\t\t\t\t\tstyle=\"background-image: url( http:\/\/terramae.pt\/inicio\/wp-content\/uploads\/2020\/10\/a-272x182.jpg )\"\n\t\t\t\t\taria-labelledby=\"sow-carousel-id-1749\"\n\t\t\t\t\ttabindex=\"-1\"\n\t\t\t\t>\n\t\t\t\t\t<span class=\"overlay\"><\/span>\n\t\t\t\t<\/a>\n\t\t\t\t\t<\/div>\n\t\t<h3 class=\"sow-carousel-item-title\">\n\t\t\t<a\n\t\t\t\thref=\"http:\/\/terramae.pt\/inicio\/2020\/10\/27\/inauguracao-do-edificio-da-garagem-da-associacao-terramae\/\"\n\t\t\t\tid=\"sow-carousel-id-1749\"\n\t\t\t\t\t\t\t\ttabindex=\"-1\"\n\t\t\t>\n\n\t\t\t\tInaugura\u00e7\u00e3o do edif\u00edcio da garagem da Associa\u00e7\u00e3o TerraM\u00e3e\t\t\t<\/a>\n\t\t<\/h3>\n\t<\/div>\n\t\t<div class=\"sow-carousel-item\" tabindex=\"-1\" style=\"float: left;\">\n\t\t<div class=\"sow-carousel-thumbnail\">\n\t\t\t\t\t\t\t<a\n\t\t\t\t\thref=\"http:\/\/terramae.pt\/inicio\/2020\/10\/27\/capacitar-para-planear-fundacao-calouste-gulbenkian\/\"\n\t\t\t\t\t\t\t\t\t\tstyle=\"background-image: url( http:\/\/terramae.pt\/inicio\/wp-content\/uploads\/2020\/10\/c-272x182.jpg )\"\n\t\t\t\t\taria-labelledby=\"sow-carousel-id-1742\"\n\t\t\t\t\ttabindex=\"-1\"\n\t\t\t\t>\n\t\t\t\t\t<span class=\"overlay\"><\/span>\n\t\t\t\t<\/a>\n\t\t\t\t\t<\/div>\n\t\t<h3 class=\"sow-carousel-item-title\">\n\t\t\t<a\n\t\t\t\thref=\"http:\/\/terramae.pt\/inicio\/2020\/10\/27\/capacitar-para-planear-fundacao-calouste-gulbenkian\/\"\n\t\t\t\tid=\"sow-carousel-id-1742\"\n\t\t\t\t\t\t\t\ttabindex=\"-1\"\n\t\t\t>\n\n\t\t\t\t&#8220;Capacitar para planear&#8221; &#8211; Funda\u00e7\u00e3o Calouste Gulbenkian\t\t\t<\/a>\n\t\t<\/h3>\n\t<\/div>\n\t\t<div class=\"sow-carousel-item\" tabindex=\"-1\" style=\"float: left;\">\n\t\t<div class=\"sow-carousel-thumbnail\">\n\t\t\t\t\t\t\t<a\n\t\t\t\t\thref=\"http:\/\/terramae.pt\/inicio\/2020\/10\/27\/aniversario-terramae-2018\/\"\n\t\t\t\t\t\t\t\t\t\tstyle=\"background-image: url( http:\/\/terramae.pt\/inicio\/wp-content\/uploads\/2020\/10\/34202967_1749386831819753_2276775800130764800_o-272x182.jpg )\"\n\t\t\t\t\taria-labelledby=\"sow-carousel-id-1730\"\n\t\t\t\t\ttabindex=\"-1\"\n\t\t\t\t>\n\t\t\t\t\t<span class=\"overlay\"><\/span>\n\t\t\t\t<\/a>\n\t\t\t\t\t<\/div>\n\t\t<h3 class=\"sow-carousel-item-title\">\n\t\t\t<a\n\t\t\t\thref=\"http:\/\/terramae.pt\/inicio\/2020\/10\/27\/aniversario-terramae-2018\/\"\n\t\t\t\tid=\"sow-carousel-id-1730\"\n\t\t\t\t\t\t\t\ttabindex=\"-1\"\n\t\t\t>\n\n\t\t\t\tAnivers\u00e1rio TerraM\u00e3e 2018\t\t\t<\/a>\n\t\t<\/h3>\n\t<\/div>\n\t\t<div class=\"sow-carousel-item\" tabindex=\"-1\" style=\"float: left;\">\n\t\t<div class=\"sow-carousel-thumbnail\">\n\t\t\t\t\t\t\t<a\n\t\t\t\t\thref=\"http:\/\/terramae.pt\/inicio\/2020\/10\/27\/aniversario-terramae-2017\/\"\n\t\t\t\t\t\t\t\t\t\tstyle=\"background-image: url( http:\/\/terramae.pt\/inicio\/wp-content\/uploads\/2020\/10\/aniversario10-272x182.jpg )\"\n\t\t\t\t\taria-labelledby=\"sow-carousel-id-1715\"\n\t\t\t\t\ttabindex=\"-1\"\n\t\t\t\t>\n\t\t\t\t\t<span class=\"overlay\"><\/span>\n\t\t\t\t<\/a>\n\t\t\t\t\t<\/div>\n\t\t<h3 class=\"sow-carousel-item-title\">\n\t\t\t<a\n\t\t\t\thref=\"http:\/\/terramae.pt\/inicio\/2020\/10\/27\/aniversario-terramae-2017\/\"\n\t\t\t\tid=\"sow-carousel-id-1715\"\n\t\t\t\t\t\t\t\ttabindex=\"-1\"\n\t\t\t>\n\n\t\t\t\tAnivers\u00e1rio TerraM\u00e3e 2017\t\t\t<\/a>\n\t\t<\/h3>\n\t<\/div>\n\t\t<div class=\"sow-carousel-item\" tabindex=\"-1\" style=\"float: left;\">\n\t\t<div class=\"sow-carousel-thumbnail\">\n\t\t\t\t\t\t\t<a\n\t\t\t\t\thref=\"http:\/\/terramae.pt\/inicio\/2020\/10\/27\/a-nossa-casa-esta-a-crescer\/\"\n\t\t\t\t\t\t\t\t\t\tstyle=\"background-image: url( http:\/\/terramae.pt\/inicio\/wp-content\/uploads\/2020\/10\/obra7-272x174.jpg )\"\n\t\t\t\t\taria-labelledby=\"sow-carousel-id-1704\"\n\t\t\t\t\ttabindex=\"-1\"\n\t\t\t\t>\n\t\t\t\t\t<span class=\"overlay\"><\/span>\n\t\t\t\t<\/a>\n\t\t\t\t\t<\/div>\n\t\t<h3 class=\"sow-carousel-item-title\">\n\t\t\t<a\n\t\t\t\thref=\"http:\/\/terramae.pt\/inicio\/2020\/10\/27\/a-nossa-casa-esta-a-crescer\/\"\n\t\t\t\tid=\"sow-carousel-id-1704\"\n\t\t\t\t\t\t\t\ttabindex=\"-1\"\n\t\t\t>\n\n\t\t\t\tA nossa casa est\u00e1 a crescer!\t\t\t<\/a>\n\t\t<\/h3>\n\t<\/div>\n\t\t<div class=\"sow-carousel-item\" tabindex=\"-1\" style=\"float: left;\">\n\t\t<div class=\"sow-carousel-thumbnail\">\n\t\t\t\t\t\t\t<a\n\t\t\t\t\thref=\"http:\/\/terramae.pt\/inicio\/2020\/10\/27\/aniversario-terramae-2015\/\"\n\t\t\t\t\t\t\t\t\t\tstyle=\"background-image: url( http:\/\/terramae.pt\/inicio\/wp-content\/uploads\/2020\/10\/aniversario2015_13-272x182.jpg )\"\n\t\t\t\t\taria-labelledby=\"sow-carousel-id-1685\"\n\t\t\t\t\ttabindex=\"-1\"\n\t\t\t\t>\n\t\t\t\t\t<span class=\"overlay\"><\/span>\n\t\t\t\t<\/a>\n\t\t\t\t\t<\/div>\n\t\t<h3 class=\"sow-carousel-item-title\">\n\t\t\t<a\n\t\t\t\thref=\"http:\/\/terramae.pt\/inicio\/2020\/10\/27\/aniversario-terramae-2015\/\"\n\t\t\t\tid=\"sow-carousel-id-1685\"\n\t\t\t\t\t\t\t\ttabindex=\"-1\"\n\t\t\t>\n\n\t\t\t\tAnivers\u00e1rio TerraM\u00e3e 2015\t\t\t<\/a>\n\t\t<\/h3>\n\t<\/div>\n\t\t\t<\/div>\n\t\t\t<\/div>\n\n\t<\/div>\n\t\t<input type=\"hidden\" name=\"instance_hash\" value=\"9e652fa1\"\/>\n\t<\/div>\n<\/div><\/div><\/div><\/div><\/div><\/div><\/div>","protected":false},"excerpt":{"rendered":"<p>A TerraM\u00e3e tem vindo a consolidar o trabalho desenvolvido nos \u00faltimos anos em todo o concelho de Viana do Alentejo. Para al\u00e9m do trabalho com fam\u00edlias atrav\u00e9s das suas respostas sociais, dinamiza uma s\u00e9rie de atividades numa perspetiva de participa\u00e7\u00e3o [&hellip;]<\/p>\n","protected":false},"author":1,"featured_media":0,"parent":0,"menu_order":0,"comment_status":"closed","ping_status":"closed","template":"template-full-width.php","meta":{"ngg_post_thumbnail":0,"footnotes":""},"class_list":["post-569","page","type-page","status-publish","hentry"],"_links":{"self":[{"href":"http:\/\/terramae.pt\/inicio\/wp-json\/wp\/v2\/pages\/569","targetHints":{"allow":["GET"]}}],"collection":[{"href":"http:\/\/terramae.pt\/inicio\/wp-json\/wp\/v2\/pages"}],"about":[{"href":"http:\/\/terramae.pt\/inicio\/wp-json\/wp\/v2\/types\/page"}],"author":[{"embeddable":true,"href":"http:\/\/terramae.pt\/inicio\/wp-json\/wp\/v2\/users\/1"}],"replies":[{"embeddable":true,"href":"http:\/\/terramae.pt\/inicio\/wp-json\/wp\/v2\/comments?post=569"}],"version-history":[{"count":40,"href":"http:\/\/terramae.pt\/inicio\/wp-json\/wp\/v2\/pages\/569\/revisions"}],"predecessor-version":[{"id":3490,"href":"http:\/\/terramae.pt\/inicio\/wp-json\/wp\/v2\/pages\/569\/revisions\/3490"}],"wp:attachment":[{"href":"http:\/\/terramae.pt\/inicio\/wp-json\/wp\/v2\/media?parent=569"}],"curies":[{"name":"wp","href":"https:\/\/api.w.org\/{rel}","templated":true}]}}