{"id":567,"date":"2020-08-11T15:31:41","date_gmt":"2020-08-11T15:31:41","guid":{"rendered":"http:\/\/terramae.pt\/inicio\/?page_id=567"},"modified":"2020-11-17T11:53:31","modified_gmt":"2020-11-17T11:53:31","slug":"eli-quem-somos","status":"publish","type":"page","link":"http:\/\/terramae.pt\/inicio\/equipa-local-de-intervencao\/eli-quem-somos\/","title":{"rendered":"Quem Somos"},"content":{"rendered":"<div id=\"pl-567\"  class=\"panel-layout\" ><div id=\"pg-567-0\"  class=\"panel-grid panel-no-style\" ><div id=\"pgc-567-0-0\"  class=\"panel-grid-cell\" ><div id=\"panel-567-0-0-0\" class=\"so-panel widget widget_sow-image panel-first-child\" data-index=\"0\" ><div\n\t\t\t\n\t\t\tclass=\"so-widget-sow-image so-widget-sow-image-default-c67d20f9f743-567\"\n\t\t\t\n\t\t>\n<div class=\"sow-image-container\">\n\t\t<img \n\tsrc=\"http:\/\/terramae.pt\/inicio\/wp-content\/uploads\/2020\/10\/logo_ELI-300x300.jpg\" width=\"300\" height=\"300\" srcset=\"http:\/\/terramae.pt\/inicio\/wp-content\/uploads\/2020\/10\/logo_ELI-300x300.jpg 300w, http:\/\/terramae.pt\/inicio\/wp-content\/uploads\/2020\/10\/logo_ELI-150x150.jpg 150w, http:\/\/terramae.pt\/inicio\/wp-content\/uploads\/2020\/10\/logo_ELI.jpg 500w\" sizes=\"(max-width: 300px) 100vw, 300px\" alt=\"\" \t\tclass=\"so-widget-image\"\/>\n\t<\/div>\n\n<\/div><\/div><div id=\"panel-567-0-0-1\" class=\"so-panel widget widget_sow-editor\" data-index=\"1\" ><div\n\t\t\t\n\t\t\tclass=\"so-widget-sow-editor so-widget-sow-editor-base\"\n\t\t\t\n\t\t><h3 class=\"widget-title\">Quem Somos<\/h3>\n<div class=\"siteorigin-widget-tinymce textwidget\">\n\t<ul>\n<li>Assistente Social<\/li>\n<li>Educadora de inf\u00e2ncia<\/li>\n<li>Enfermeira<\/li>\n<li>Fisioterapeuta<\/li>\n<li>Psic\u00f3loga<\/li>\n<li>Terapeuta da fala<\/li>\n<\/ul>\n<\/div>\n<\/div><\/div><div id=\"panel-567-0-0-2\" class=\"so-panel widget widget_sow-editor\" data-index=\"2\" ><div\n\t\t\t\n\t\t\tclass=\"so-widget-sow-editor so-widget-sow-editor-base\"\n\t\t\t\n\t\t><h3 class=\"widget-title\">O que fazemos<\/h3>\n<div class=\"siteorigin-widget-tinymce textwidget\">\n\t<p style=\"text-align: justify;\">A Equipa Local de Interven\u00e7\u00e3o \u00e9 uma medida de interven\u00e7\u00e3o junto de crian\u00e7as at\u00e9 aos seis anos de idade, com altera\u00e7\u00f5es ou em risco de apresentar altera\u00e7\u00f5es nas estruturas ou fun\u00e7\u00f5es do corpo, tendo em linha de conta o seu normal desenvolvimento, A mesma constitui sem d\u00favida um instrumento de grande alcance na concretiza\u00e7\u00e3o do direito \u00e0 participa\u00e7\u00e3o social das crian\u00e7as apoiadas e dos jovens e adultos em que se ir\u00e3o tornar.<\/p>\n<p style=\"text-align: justify;\">Assim a operacionaliza\u00e7\u00e3o da Eli tem passado por assegurar um sistema de intera\u00e7\u00e3o entre as fam\u00edlias e as institui\u00e7\u00f5es, de sa\u00fade, educativas e sociais para que todos os casos sejam devidamente identificados e sinalizados t\u00e3o rapidamente quanto poss\u00edvel. Temos conseguido que o sistema de interven\u00e7\u00e3o esteja assente na universalidade do acesso, na responsabiliza\u00e7\u00e3o dos t\u00e9cnicos e dos organismos p\u00fablicos e na correspondente capacidade de resposta. Deste modo, tem sido crucial integrar, t\u00e3o precocemente quanto poss\u00edvel, nas determinantes essenciais relativas \u00e0 fam\u00edlia, os servi\u00e7os de sa\u00fade, as creches, os jardim-de-inf\u00e2ncia e a escola.<\/p>\n<\/div>\n<\/div><\/div><div id=\"panel-567-0-0-3\" class=\"so-panel widget widget_sow-video\" data-index=\"3\" ><div\n\t\t\t\n\t\t\tclass=\"so-widget-sow-video so-widget-sow-video-default-c08170c47cfb-567\"\n\t\t\t\n\t\t>\n<div class=\"sow-video-wrapper\n\">\n\t\t\t\t<\/div>\n<\/div><\/div><div id=\"panel-567-0-0-4\" class=\"so-panel widget widget_sow-headline\" data-index=\"4\" ><div class=\"panel-widget-style panel-widget-style-for-567-0-0-4\" ><div\n\t\t\t\n\t\t\tclass=\"so-widget-sow-headline so-widget-sow-headline-default-a61ad8b136b0-567 so-widget-fittext-wrapper\"\n\t\t\t data-fit-text-compressor=\"0.85\"\n\t\t><div class=\"sow-headline-container \">\n\t\t\t\t\t\t\t<h3 class=\"sow-headline\">\n\t\t\t\t\t\t\u00daLTIMAS ATIVIDADES\t\t\t\t\t\t<\/h3>\n\t\t\t\t\t\t<\/div>\n<\/div><\/div><\/div><div id=\"panel-567-0-0-5\" class=\"so-panel widget widget_sow-post-carousel panel-last-child\" data-index=\"5\" ><div class=\"panel-widget-style panel-widget-style-for-567-0-0-5\" ><div\n\t\t\t\n\t\t\tclass=\"so-widget-sow-post-carousel so-widget-sow-post-carousel-base-16185f985534-567\"\n\t\t\t\n\t\t>\t<div\n\t\tclass=\"sow-post-carousel-wrapper sow-post-carousel-theme-base\"\n\t\tstyle=\"overflow: hidden; max-width: 100%; min-height: 182px\"\n\t>\n\t\t<div class=\"sow-carousel-title\">\n\t\t\t<div class=\"sow-carousel-navigation \">\n\t\t\t\t\t\t<a href=\"#\" class=\"sow-carousel-next\" title=\"Next\" aria-label=\"Next Posts\" role=\"button\"><\/a>\n\t\t\t\t\t\t<a href=\"#\" class=\"sow-carousel-previous\" title=\"Previous\" aria-label=\"Previous Posts\" role=\"button\"><\/a>\n\t\t\t\t\t<\/div>\n\t<\/div>\n\n<div class=\"sow-carousel-container \">\n\t\t<div class=\"sow-carousel-wrapper\"\n\t\tdata-dir=\"ltr\"\n\t\tstyle=\"opacity: 0;\"\n\t\tdata-widget=\"post\" data-fetching=\"false\" data-page=\"1\" data-ajax-url=\"http:\/\/terramae.pt\/inicio\/wp-admin\/admin-ajax.php?_widgets_nonce=a73ff9ed35\" data-item_count=\"50\" data-carousel_settings=\"{&quot;loop&quot;:false,&quot;animation&quot;:&quot;Ease&quot;,&quot;animation_speed&quot;:400,&quot;autoplay&quot;:&quot;&quot;,&quot;pauseOnHover&quot;:&quot;&quot;,&quot;autoplaySpeed&quot;:8000,&quot;item_overflow&quot;:true,&quot;autoplay_continuous_scroll&quot;:false}\" data-responsive=\"{&quot;desktop_slides_to_scroll&quot;:1,&quot;tablet_landscape_breakpoint&quot;:1366,&quot;tablet_landscape_slides_to_scroll&quot;:2,&quot;tablet_portrait_breakpoint&quot;:1025,&quot;tablet_portrait_slides_to_scroll&quot;:2,&quot;mobile_breakpoint&quot;:480,&quot;mobile_slides_to_scroll&quot;:1}\" data-variable_width=\"true\" \t>\n\t\t<div\n\t\t\tclass=\"sow-carousel-items\"\n\t\t\t\t\t>\n\t\t\t\t<div class=\"sow-carousel-item\" tabindex=\"-1\" style=\"float: left;\">\n\t\t<div class=\"sow-carousel-thumbnail\">\n\t\t\t\t\t\t\t<a\n\t\t\t\t\thref=\"http:\/\/terramae.pt\/inicio\/2020\/11\/15\/atividade-para-fazer-com-criancas-em-casa-vamos-brincar-com-as-letras\/\"\n\t\t\t\t\t\t\t\t\t\tstyle=\"background-image: url( http:\/\/terramae.pt\/inicio\/wp-content\/uploads\/2020\/11\/atividade-2020-05-29-272x182.jpg )\"\n\t\t\t\t\taria-labelledby=\"sow-carousel-id-3419\"\n\t\t\t\t\ttabindex=\"-1\"\n\t\t\t\t>\n\t\t\t\t\t<span class=\"overlay\"><\/span>\n\t\t\t\t<\/a>\n\t\t\t\t\t<\/div>\n\t\t<h3 class=\"sow-carousel-item-title\">\n\t\t\t<a\n\t\t\t\thref=\"http:\/\/terramae.pt\/inicio\/2020\/11\/15\/atividade-para-fazer-com-criancas-em-casa-vamos-brincar-com-as-letras\/\"\n\t\t\t\tid=\"sow-carousel-id-3419\"\n\t\t\t\t\t\t\t\ttabindex=\"-1\"\n\t\t\t>\n\n\t\t\t\tAtividade para fazer com crian\u00e7as em Casa &#8211; Vamos ao cabeleireiro?\t\t\t<\/a>\n\t\t<\/h3>\n\t<\/div>\n\t\t<div class=\"sow-carousel-item\" tabindex=\"-1\" style=\"float: left;\">\n\t\t<div class=\"sow-carousel-thumbnail\">\n\t\t\t\t\t\t\t<a\n\t\t\t\t\thref=\"http:\/\/terramae.pt\/inicio\/2020\/11\/15\/atividade-para-fazer-com-criancas-em-casa-jogos-com-agua\/\"\n\t\t\t\t\t\t\t\t\t\tstyle=\"background-image: url( http:\/\/terramae.pt\/inicio\/wp-content\/uploads\/2020\/11\/atividade-2020-05-28-272x182.jpg )\"\n\t\t\t\t\taria-labelledby=\"sow-carousel-id-3414\"\n\t\t\t\t\ttabindex=\"-1\"\n\t\t\t\t>\n\t\t\t\t\t<span class=\"overlay\"><\/span>\n\t\t\t\t<\/a>\n\t\t\t\t\t<\/div>\n\t\t<h3 class=\"sow-carousel-item-title\">\n\t\t\t<a\n\t\t\t\thref=\"http:\/\/terramae.pt\/inicio\/2020\/11\/15\/atividade-para-fazer-com-criancas-em-casa-jogos-com-agua\/\"\n\t\t\t\tid=\"sow-carousel-id-3414\"\n\t\t\t\t\t\t\t\ttabindex=\"-1\"\n\t\t\t>\n\n\t\t\t\tAtividade para fazer com crian\u00e7as em Casa &#8211; Vamos brincar com as letras\t\t\t<\/a>\n\t\t<\/h3>\n\t<\/div>\n\t\t<div class=\"sow-carousel-item\" tabindex=\"-1\" style=\"float: left;\">\n\t\t<div class=\"sow-carousel-thumbnail\">\n\t\t\t\t\t\t\t<a\n\t\t\t\t\thref=\"http:\/\/terramae.pt\/inicio\/2020\/11\/15\/atividade-para-fazer-com-criancas-em-casa-sugestao-de-leitura-para-os-mais-novos\/\"\n\t\t\t\t\t\t\t\t\t\tstyle=\"background-image: url( http:\/\/terramae.pt\/inicio\/wp-content\/uploads\/2020\/11\/atividade-2020-05-25-272x182.jpg )\"\n\t\t\t\t\taria-labelledby=\"sow-carousel-id-3409\"\n\t\t\t\t\ttabindex=\"-1\"\n\t\t\t\t>\n\t\t\t\t\t<span class=\"overlay\"><\/span>\n\t\t\t\t<\/a>\n\t\t\t\t\t<\/div>\n\t\t<h3 class=\"sow-carousel-item-title\">\n\t\t\t<a\n\t\t\t\thref=\"http:\/\/terramae.pt\/inicio\/2020\/11\/15\/atividade-para-fazer-com-criancas-em-casa-sugestao-de-leitura-para-os-mais-novos\/\"\n\t\t\t\tid=\"sow-carousel-id-3409\"\n\t\t\t\t\t\t\t\ttabindex=\"-1\"\n\t\t\t>\n\n\t\t\t\tAtividade para fazer com crian\u00e7as em Casa &#8211; Jogos com \u00e1gua\t\t\t<\/a>\n\t\t<\/h3>\n\t<\/div>\n\t\t<div class=\"sow-carousel-item\" tabindex=\"-1\" style=\"float: left;\">\n\t\t<div class=\"sow-carousel-thumbnail\">\n\t\t\t\t\t\t\t<a\n\t\t\t\t\thref=\"http:\/\/terramae.pt\/inicio\/2020\/11\/15\/atividade-para-fazer-com-criancas-em-casa-vamos-procurar-em-casa\/\"\n\t\t\t\t\t\t\t\t\t\tstyle=\"background-image: url( http:\/\/terramae.pt\/inicio\/wp-content\/uploads\/2020\/11\/atividade-2020-05-22-272x182.jpg )\"\n\t\t\t\t\taria-labelledby=\"sow-carousel-id-3404\"\n\t\t\t\t\ttabindex=\"-1\"\n\t\t\t\t>\n\t\t\t\t\t<span class=\"overlay\"><\/span>\n\t\t\t\t<\/a>\n\t\t\t\t\t<\/div>\n\t\t<h3 class=\"sow-carousel-item-title\">\n\t\t\t<a\n\t\t\t\thref=\"http:\/\/terramae.pt\/inicio\/2020\/11\/15\/atividade-para-fazer-com-criancas-em-casa-vamos-procurar-em-casa\/\"\n\t\t\t\tid=\"sow-carousel-id-3404\"\n\t\t\t\t\t\t\t\ttabindex=\"-1\"\n\t\t\t>\n\n\t\t\t\tAtividade para fazer com crian\u00e7as em Casa &#8211; Sugest\u00e3o de leitura para os mais novos\t\t\t<\/a>\n\t\t<\/h3>\n\t<\/div>\n\t\t<div class=\"sow-carousel-item\" tabindex=\"-1\" style=\"float: left;\">\n\t\t<div class=\"sow-carousel-thumbnail\">\n\t\t\t\t\t\t\t<a\n\t\t\t\t\thref=\"http:\/\/terramae.pt\/inicio\/2020\/11\/15\/atividade-para-fazer-com-criancas-em-casa-vamos-desenhar-um-caminho\/\"\n\t\t\t\t\t\t\t\t\t\tstyle=\"background-image: url( http:\/\/terramae.pt\/inicio\/wp-content\/uploads\/2020\/11\/atividade-2020-05-21-272x182.jpg )\"\n\t\t\t\t\taria-labelledby=\"sow-carousel-id-3399\"\n\t\t\t\t\ttabindex=\"-1\"\n\t\t\t\t>\n\t\t\t\t\t<span class=\"overlay\"><\/span>\n\t\t\t\t<\/a>\n\t\t\t\t\t<\/div>\n\t\t<h3 class=\"sow-carousel-item-title\">\n\t\t\t<a\n\t\t\t\thref=\"http:\/\/terramae.pt\/inicio\/2020\/11\/15\/atividade-para-fazer-com-criancas-em-casa-vamos-desenhar-um-caminho\/\"\n\t\t\t\tid=\"sow-carousel-id-3399\"\n\t\t\t\t\t\t\t\ttabindex=\"-1\"\n\t\t\t>\n\n\t\t\t\tAtividade para fazer com crian\u00e7as em Casa &#8211; Vamos procurar em casa\t\t\t<\/a>\n\t\t<\/h3>\n\t<\/div>\n\t\t<div class=\"sow-carousel-item\" tabindex=\"-1\" style=\"float: left;\">\n\t\t<div class=\"sow-carousel-thumbnail\">\n\t\t\t\t\t\t\t<a\n\t\t\t\t\thref=\"http:\/\/terramae.pt\/inicio\/2020\/11\/15\/atividade-para-fazer-com-criancas-em-casa-vamos-treinar-o-equilibrio\/\"\n\t\t\t\t\t\t\t\t\t\tstyle=\"background-image: url( http:\/\/terramae.pt\/inicio\/wp-content\/uploads\/2020\/11\/atividade-2020-05-20-272x182.jpg )\"\n\t\t\t\t\taria-labelledby=\"sow-carousel-id-3392\"\n\t\t\t\t\ttabindex=\"-1\"\n\t\t\t\t>\n\t\t\t\t\t<span class=\"overlay\"><\/span>\n\t\t\t\t<\/a>\n\t\t\t\t\t<\/div>\n\t\t<h3 class=\"sow-carousel-item-title\">\n\t\t\t<a\n\t\t\t\thref=\"http:\/\/terramae.pt\/inicio\/2020\/11\/15\/atividade-para-fazer-com-criancas-em-casa-vamos-treinar-o-equilibrio\/\"\n\t\t\t\tid=\"sow-carousel-id-3392\"\n\t\t\t\t\t\t\t\ttabindex=\"-1\"\n\t\t\t>\n\n\t\t\t\tAtividade para fazer com crian\u00e7as em Casa &#8211; Vamos desenhar um caminho\t\t\t<\/a>\n\t\t<\/h3>\n\t<\/div>\n\t\t<div class=\"sow-carousel-item\" tabindex=\"-1\" style=\"float: left;\">\n\t\t<div class=\"sow-carousel-thumbnail\">\n\t\t\t\t\t\t\t<a\n\t\t\t\t\thref=\"http:\/\/terramae.pt\/inicio\/2020\/11\/15\/atividade-para-fazer-com-criancas-em-casa-caca-aos-bichinhos\/\"\n\t\t\t\t\t\t\t\t\t\tstyle=\"background-image: url( http:\/\/terramae.pt\/inicio\/wp-content\/uploads\/2020\/11\/atividade-2020-05-18-272x182.jpg )\"\n\t\t\t\t\taria-labelledby=\"sow-carousel-id-3385\"\n\t\t\t\t\ttabindex=\"-1\"\n\t\t\t\t>\n\t\t\t\t\t<span class=\"overlay\"><\/span>\n\t\t\t\t<\/a>\n\t\t\t\t\t<\/div>\n\t\t<h3 class=\"sow-carousel-item-title\">\n\t\t\t<a\n\t\t\t\thref=\"http:\/\/terramae.pt\/inicio\/2020\/11\/15\/atividade-para-fazer-com-criancas-em-casa-caca-aos-bichinhos\/\"\n\t\t\t\tid=\"sow-carousel-id-3385\"\n\t\t\t\t\t\t\t\ttabindex=\"-1\"\n\t\t\t>\n\n\t\t\t\tAtividade para fazer com crian\u00e7as em Casa &#8211; Vamos treinar o equil\u00edbrio?\t\t\t<\/a>\n\t\t<\/h3>\n\t<\/div>\n\t\t<div class=\"sow-carousel-item\" tabindex=\"-1\" style=\"float: left;\">\n\t\t<div class=\"sow-carousel-thumbnail\">\n\t\t\t\t\t\t\t<a\n\t\t\t\t\thref=\"http:\/\/terramae.pt\/inicio\/2020\/11\/15\/atividade-para-fazer-com-criancas-em-casa-constroi-a-tua-familia\/\"\n\t\t\t\t\t\t\t\t\t\tstyle=\"background-image: url( http:\/\/terramae.pt\/inicio\/wp-content\/uploads\/2020\/11\/atividade-2020-05-19-272x182.jpg )\"\n\t\t\t\t\taria-labelledby=\"sow-carousel-id-3380\"\n\t\t\t\t\ttabindex=\"-1\"\n\t\t\t\t>\n\t\t\t\t\t<span class=\"overlay\"><\/span>\n\t\t\t\t<\/a>\n\t\t\t\t\t<\/div>\n\t\t<h3 class=\"sow-carousel-item-title\">\n\t\t\t<a\n\t\t\t\thref=\"http:\/\/terramae.pt\/inicio\/2020\/11\/15\/atividade-para-fazer-com-criancas-em-casa-constroi-a-tua-familia\/\"\n\t\t\t\tid=\"sow-carousel-id-3380\"\n\t\t\t\t\t\t\t\ttabindex=\"-1\"\n\t\t\t>\n\n\t\t\t\tAtividade para fazer com crian\u00e7as em Casa &#8211; Ca\u00e7a aos bichinhos\t\t\t<\/a>\n\t\t<\/h3>\n\t<\/div>\n\t\t<div class=\"sow-carousel-item\" tabindex=\"-1\" style=\"float: left;\">\n\t\t<div class=\"sow-carousel-thumbnail\">\n\t\t\t\t\t\t\t<a\n\t\t\t\t\thref=\"http:\/\/terramae.pt\/inicio\/2020\/11\/15\/atividade-para-fazer-com-criancas-em-casa-como-te-chamas\/\"\n\t\t\t\t\t\t\t\t\t\tstyle=\"background-image: url( http:\/\/terramae.pt\/inicio\/wp-content\/uploads\/2020\/11\/atividade-2020-05-15-272x182.jpg )\"\n\t\t\t\t\taria-labelledby=\"sow-carousel-id-3375\"\n\t\t\t\t\ttabindex=\"-1\"\n\t\t\t\t>\n\t\t\t\t\t<span class=\"overlay\"><\/span>\n\t\t\t\t<\/a>\n\t\t\t\t\t<\/div>\n\t\t<h3 class=\"sow-carousel-item-title\">\n\t\t\t<a\n\t\t\t\thref=\"http:\/\/terramae.pt\/inicio\/2020\/11\/15\/atividade-para-fazer-com-criancas-em-casa-como-te-chamas\/\"\n\t\t\t\tid=\"sow-carousel-id-3375\"\n\t\t\t\t\t\t\t\ttabindex=\"-1\"\n\t\t\t>\n\n\t\t\t\tAtividade para fazer com crian\u00e7as em Casa &#8211; Constr\u00f3i a tua fam\u00edlia\t\t\t<\/a>\n\t\t<\/h3>\n\t<\/div>\n\t\t<div class=\"sow-carousel-item\" tabindex=\"-1\" style=\"float: left;\">\n\t\t<div class=\"sow-carousel-thumbnail\">\n\t\t\t\t\t\t\t<a\n\t\t\t\t\thref=\"http:\/\/terramae.pt\/inicio\/2020\/11\/15\/atividade-para-fazer-com-criancas-em-casa-vamos-trabalhar-as-emocoes\/\"\n\t\t\t\t\t\t\t\t\t\tstyle=\"background-image: url( http:\/\/terramae.pt\/inicio\/wp-content\/uploads\/2020\/11\/atividade-2020-05-14-272x182.jpg )\"\n\t\t\t\t\taria-labelledby=\"sow-carousel-id-3370\"\n\t\t\t\t\ttabindex=\"-1\"\n\t\t\t\t>\n\t\t\t\t\t<span class=\"overlay\"><\/span>\n\t\t\t\t<\/a>\n\t\t\t\t\t<\/div>\n\t\t<h3 class=\"sow-carousel-item-title\">\n\t\t\t<a\n\t\t\t\thref=\"http:\/\/terramae.pt\/inicio\/2020\/11\/15\/atividade-para-fazer-com-criancas-em-casa-vamos-trabalhar-as-emocoes\/\"\n\t\t\t\tid=\"sow-carousel-id-3370\"\n\t\t\t\t\t\t\t\ttabindex=\"-1\"\n\t\t\t>\n\n\t\t\t\tAtividade para fazer com crian\u00e7as em Casa &#8211; Como te chamas?\t\t\t<\/a>\n\t\t<\/h3>\n\t<\/div>\n\t\t\t<\/div>\n\t\t\t<\/div>\n\n\t<\/div>\n\t\t<input type=\"hidden\" name=\"instance_hash\" value=\"6be024af\"\/>\n\t<\/div>\n<\/div><\/div><\/div><\/div><div id=\"pgc-567-0-1\"  class=\"panel-grid-cell\" ><div id=\"panel-567-0-1-0\" class=\"so-panel widget widget_nav_menu panel-first-child panel-last-child\" data-index=\"6\" ><div class=\"panel-widget-style panel-widget-style-for-567-0-1-0\" ><h3 class=\"widget-title\">Menu ELI<\/h3><div class=\"menu-eli-container\"><ul id=\"menu-eli\" class=\"menu\"><li id=\"menu-item-3159\" class=\"menu-item menu-item-type-post_type menu-item-object-page menu-item-3159\"><a href=\"http:\/\/terramae.pt\/inicio\/equipa-local-de-intervencao\/eli-quem-somos\/\">Quem Somos<\/a><\/li>\n<li id=\"menu-item-3162\" class=\"menu-item menu-item-type-post_type menu-item-object-page menu-item-3162\"><a href=\"http:\/\/terramae.pt\/inicio\/equipa-local-de-intervencao\/objetivos-da-intervencao\/\">Objetivos da Interven\u00e7\u00e3o<\/a><\/li>\n<li id=\"menu-item-3160\" class=\"menu-item menu-item-type-post_type menu-item-object-page menu-item-3160\"><a href=\"http:\/\/terramae.pt\/inicio\/equipa-local-de-intervencao\/principais-funcoes-da-eli\/\">Principais fun\u00e7\u00f5es da ELI<\/a><\/li>\n<li id=\"menu-item-3163\" class=\"menu-item menu-item-type-post_type menu-item-object-page menu-item-3163\"><a href=\"http:\/\/terramae.pt\/inicio\/equipa-local-de-intervencao\/a-imporetancia-de-intervir-precocemente\/\">A Import\u00e2ncia de Intervir Precocemente<\/a><\/li>\n<li id=\"menu-item-3171\" class=\"menu-item menu-item-type-post_type menu-item-object-page menu-item-3171\"><a href=\"http:\/\/terramae.pt\/inicio\/equipa-local-de-intervencao\/servico-snipi\/\">Servi\u00e7o SNIPI<\/a><\/li>\n<li id=\"menu-item-3161\" class=\"menu-item menu-item-type-post_type menu-item-object-page menu-item-3161\"><a href=\"http:\/\/terramae.pt\/inicio\/equipa-local-de-intervencao\/perguntas-frequentes\/\">Perguntas frequentes<\/a><\/li>\n<\/ul><\/div><\/div><\/div><\/div><\/div><div id=\"pg-567-1\"  class=\"panel-grid panel-no-style\" ><div id=\"pgc-567-1-0\"  class=\"panel-grid-cell panel-grid-cell-empty\" ><\/div><div id=\"pgc-567-1-1\"  class=\"panel-grid-cell panel-grid-cell-empty panel-grid-cell-mobile-last\" ><\/div><div id=\"pgc-567-1-2\"  class=\"panel-grid-cell panel-grid-cell-empty\" ><\/div><\/div><div id=\"pg-567-2\"  class=\"panel-grid panel-has-style\" ><div class=\"siteorigin-panels-stretch panel-row-style panel-row-style-for-567-2\" data-stretch-type=\"full\" ><div id=\"pgc-567-2-0\"  class=\"panel-grid-cell panel-grid-cell-empty\" ><\/div><\/div><\/div><\/div>","protected":false},"excerpt":{"rendered":"<p>Assistente Social Educadora de inf\u00e2ncia Enfermeira Fisioterapeuta Psic\u00f3loga Terapeuta da fala A Equipa Local de Interven\u00e7\u00e3o \u00e9 uma medida de interven\u00e7\u00e3o junto de crian\u00e7as at\u00e9 aos seis anos de idade, com altera\u00e7\u00f5es ou em risco de apresentar altera\u00e7\u00f5es nas estruturas [&hellip;]<\/p>\n","protected":false},"author":1,"featured_media":0,"parent":3164,"menu_order":0,"comment_status":"closed","ping_status":"closed","template":"template-full-width.php","meta":{"ngg_post_thumbnail":0,"footnotes":""},"class_list":["post-567","page","type-page","status-publish","hentry"],"_links":{"self":[{"href":"http:\/\/terramae.pt\/inicio\/wp-json\/wp\/v2\/pages\/567","targetHints":{"allow":["GET"]}}],"collection":[{"href":"http:\/\/terramae.pt\/inicio\/wp-json\/wp\/v2\/pages"}],"about":[{"href":"http:\/\/terramae.pt\/inicio\/wp-json\/wp\/v2\/types\/page"}],"author":[{"embeddable":true,"href":"http:\/\/terramae.pt\/inicio\/wp-json\/wp\/v2\/users\/1"}],"replies":[{"embeddable":true,"href":"http:\/\/terramae.pt\/inicio\/wp-json\/wp\/v2\/comments?post=567"}],"version-history":[{"count":90,"href":"http:\/\/terramae.pt\/inicio\/wp-json\/wp\/v2\/pages\/567\/revisions"}],"predecessor-version":[{"id":3174,"href":"http:\/\/terramae.pt\/inicio\/wp-json\/wp\/v2\/pages\/567\/revisions\/3174"}],"up":[{"embeddable":true,"href":"http:\/\/terramae.pt\/inicio\/wp-json\/wp\/v2\/pages\/3164"}],"wp:attachment":[{"href":"http:\/\/terramae.pt\/inicio\/wp-json\/wp\/v2\/media?parent=567"}],"curies":[{"name":"wp","href":"https:\/\/api.w.org\/{rel}","templated":true}]}}