{"id":496,"date":"2020-08-11T14:15:48","date_gmt":"2020-08-11T14:15:48","guid":{"rendered":"http:\/\/terramae.pt\/inicio\/?page_id=496"},"modified":"2020-11-15T19:49:52","modified_gmt":"2020-11-15T19:49:52","slug":"estatutos","status":"publish","type":"page","link":"http:\/\/terramae.pt\/inicio\/a-instituicao\/documentacao\/estatutos\/","title":{"rendered":"Estatutos"},"content":{"rendered":"<div id=\"pl-496\"  class=\"panel-layout\" ><div id=\"pg-496-0\"  class=\"panel-grid panel-no-style\" ><div id=\"pgc-496-0-0\"  class=\"panel-grid-cell\" ><div id=\"panel-496-0-0-0\" class=\"so-panel widget widget_sow-editor panel-first-child panel-last-child\" data-index=\"0\" ><div\n\t\t\t\n\t\t\tclass=\"so-widget-sow-editor so-widget-sow-editor-base\"\n\t\t\t\n\t\t>\n<div class=\"siteorigin-widget-tinymce textwidget\">\n\t<p style=\"text-align: justify;\">&nbsp;<span class=\"fontstyle0\">A Associa\u00e7\u00e3o Terra M\u00e3e - Solidariedade e Interven\u00e7\u00e3o Social, constitu\u00edda a 31 de maio de 2001, \u00e9 uma institui\u00e7\u00e3o particular de solidariedade social (IPSS), regida pelas disposi\u00e7\u00f5es da lei aplic\u00e1vel e em especial pelos estatutos e reconhecida como pessoa coletiva de utilidade p\u00fablica.<\/span><\/p>\n<p><a href=\"http:\/\/terramae.pt\/inicio\/wp-content\/uploads\/2020\/10\/Estatudos-18-6-2020.pdf\">Estatutos da associa\u00e7\u00e3o TerraM\u00e3e<\/a><\/p>\n<\/div>\n<\/div><\/div><\/div><\/div><\/div>","protected":false},"excerpt":{"rendered":"<p>&nbsp;A Associa\u00e7\u00e3o Terra M\u00e3e &#8211; Solidariedade e Interven\u00e7\u00e3o Social, constitu\u00edda a 31 de maio de 2001, \u00e9 uma institui\u00e7\u00e3o particular de solidariedade social (IPSS), regida pelas disposi\u00e7\u00f5es da lei aplic\u00e1vel e em especial pelos estatutos e reconhecida como pessoa coletiva [&hellip;]<\/p>\n","protected":false},"author":1,"featured_media":0,"parent":3196,"menu_order":0,"comment_status":"closed","ping_status":"closed","template":"template-full-width.php","meta":{"ngg_post_thumbnail":0,"footnotes":""},"class_list":["post-496","page","type-page","status-publish","hentry"],"_links":{"self":[{"href":"http:\/\/terramae.pt\/inicio\/wp-json\/wp\/v2\/pages\/496","targetHints":{"allow":["GET"]}}],"collection":[{"href":"http:\/\/terramae.pt\/inicio\/wp-json\/wp\/v2\/pages"}],"about":[{"href":"http:\/\/terramae.pt\/inicio\/wp-json\/wp\/v2\/types\/page"}],"author":[{"embeddable":true,"href":"http:\/\/terramae.pt\/inicio\/wp-json\/wp\/v2\/users\/1"}],"replies":[{"embeddable":true,"href":"http:\/\/terramae.pt\/inicio\/wp-json\/wp\/v2\/comments?post=496"}],"version-history":[{"count":12,"href":"http:\/\/terramae.pt\/inicio\/wp-json\/wp\/v2\/pages\/496\/revisions"}],"predecessor-version":[{"id":3188,"href":"http:\/\/terramae.pt\/inicio\/wp-json\/wp\/v2\/pages\/496\/revisions\/3188"}],"up":[{"embeddable":true,"href":"http:\/\/terramae.pt\/inicio\/wp-json\/wp\/v2\/pages\/3196"}],"wp:attachment":[{"href":"http:\/\/terramae.pt\/inicio\/wp-json\/wp\/v2\/media?parent=496"}],"curies":[{"name":"wp","href":"https:\/\/api.w.org\/{rel}","templated":true}]}}