{"id":3525,"date":"2020-11-17T14:21:27","date_gmt":"2020-11-17T14:21:27","guid":{"rendered":"http:\/\/terramae.pt\/inicio\/?page_id=3525"},"modified":"2025-09-02T20:49:00","modified_gmt":"2025-09-02T20:49:00","slug":"mensagem-do-presidente","status":"publish","type":"page","link":"http:\/\/terramae.pt\/inicio\/a-instituicao\/mensagem-do-presidente\/","title":{"rendered":"Mensagem do Presidente"},"content":{"rendered":"<div id=\"pl-3525\"  class=\"panel-layout\" ><div id=\"pg-3525-0\"  class=\"panel-grid panel-no-style\" ><div id=\"pgc-3525-0-0\"  class=\"panel-grid-cell\" ><div id=\"panel-3525-0-0-0\" class=\"so-panel widget widget_sow-editor panel-first-child panel-last-child\" data-index=\"0\" ><div\n\t\t\t\n\t\t\tclass=\"so-widget-sow-editor so-widget-sow-editor-base\"\n\t\t\t\n\t\t>\n<div class=\"siteorigin-widget-tinymce textwidget\">\n\t<p><img loading=\"lazy\" decoding=\"async\" class=\"size-full wp-image-3965 alignleft\" src=\"http:\/\/terramae.pt\/inicio\/wp-content\/uploads\/2025\/08\/presidente_2025-2028.jpg\" alt=\"\" width=\"134\" height=\"200\"\/><\/p>\n<p><strong>\u201cJuntos, semeamos solidariedade, colhemos dignidade.\u201d<\/strong><\/p>\n<div id=\"pgc-w68af584a59ef0-0-0\" class=\"panel-grid-cell\">\n<div id=\"panel-w68af584a59ef0-0-0-0\" class=\"so-panel widget widget_sow-editor panel-first-child panel-last-child\" data-index=\"0\">\n<div class=\"so-widget-sow-editor so-widget-sow-editor-base\">\n<div class=\"siteorigin-widget-tinymce textwidget\">\n<p>Foi com grande honra e sentido de miss\u00e3o, que assumi recentemente a presid\u00eancia da&nbsp;<strong>Associa\u00e7\u00e3o Terra M\u00e3e \u2013 Solidariedade e Interven\u00e7\u00e3o Social<\/strong>.<\/p>\n<p style=\"text-align: justify;\">Este foi um momento marcante, que a renovada Dire\u00e7\u00e3o e restantes \u00d3rg\u00e3os Sociais assumimos com responsabilidade, dedica\u00e7\u00e3o e esperan\u00e7a. Agrade\u00e7o a confian\u00e7a que me foi depositada, assim como \u00e0 equipa que me acompanha neste novo ciclo. Abra\u00e7\u00e1mos este desafio plenamente conscientes da import\u00e2ncia que a Terra M\u00e3e tem tido ao longo destes 24 anos na vida de tantas pessoas e da comunidade em que se inserem.<\/p>\n<p style=\"text-align: justify;\">Ao longo dos anos, a nossa Associa\u00e7\u00e3o tem sido um verdadeiro pilar de proximidade, acolhimento e interven\u00e7\u00e3o social. \u00c9 este o caminho que queremos continuar a trilhar: refor\u00e7ando as respostas sociais, criando novas pontes com a comunidade e valorizando cada profissional, volunt\u00e1rio e parceiro que contribui diariamente para concretizar a nossa Miss\u00e3o.<\/p>\n<p style=\"text-align: justify;\">Queremos honrar o Passado, fortalecer o Presente e projetar um Futuro mais orientado para o bem-estar coletivo e para uma sociedade mais igualit\u00e1ria.<\/p>\n<p style=\"text-align: justify;\">Enalte\u00e7o todo o trabalho desenvolvido pela anterior dire\u00e7\u00e3o, bem como o empenho das equipas t\u00e9cnicas, reconhecendo cada conquista conseguida com cada projeto desenvolvido, que se traduziram em respostas concretas \u00e0s necessidades existentes na comunidade e assim colmat\u00e1-las.<\/p>\n<p style=\"text-align: justify;\">\u00c0 nova dire\u00e7\u00e3o compete manter este legado, mas temos ambi\u00e7\u00e3o o que ser\u00e1 legitimo; de tentar novas parcerias para a cria\u00e7\u00e3o de novas respostas socias necess\u00e1rias no Concelho de Viana do Alentejo, onde se desenrola o nosso foco de atua\u00e7\u00e3o, sempre com a preocupa\u00e7\u00e3o de preservar identidade da nossa Associa\u00e7\u00e3o.<\/p>\n<p style=\"text-align: justify;\">Contamos com todos, a envolv\u00eancia da sociedade que muitas vezes se arreda, pois diz n\u00e3o fazer parte do problema logo n\u00e3o pretende estar na solu\u00e7\u00e3o.<\/p>\n<p style=\"text-align: justify;\">Nada de mais errado, s\u00f3 teremos uma sociedade justa, igualit\u00e1ria, com verdadeiros valores de respeito pelo pr\u00f3ximo quando soubermos juntos os que necessitam e os que ajudam caminhar lado a lado, partilhando o mesmo caminho.<\/p>\n<\/div>\n<\/div>\n<\/div>\n<\/div>\n<div id=\"pgc-w68af584a59ef0-0-1\" class=\"panel-grid-cell\">\n<div id=\"panel-w68af584a59ef0-0-1-0\" class=\"so-panel widget widget_sow-editor panel-first-child panel-last-child\" data-index=\"1\">\n<div class=\"so-widget-sow-editor so-widget-sow-editor-base\">\n<div class=\"siteorigin-widget-tinymce textwidget\">\n<p>Termino citando Santa Teresa de Calcut\u00e1:&nbsp;<br \/>\n\u00abN\u00e3o \u00e9 o quanto damos, mas quanto amor colocamos em dar\u00bb<\/p>\n<p>&nbsp;<\/p>\n<p>Sara Cupido Grou<br \/>\nPresidente da Associa\u00e7\u00e3o Terra- M\u00e3e<\/p>\n<\/div>\n<\/div>\n<\/div>\n<\/div>\n<\/div>\n<\/div><\/div><\/div><\/div><\/div>","protected":false},"excerpt":{"rendered":"<p>\u201cJuntos, semeamos solidariedade, colhemos dignidade.\u201d Foi com grande honra e sentido de miss\u00e3o, que assumi recentemente a presid\u00eancia da&nbsp;Associa\u00e7\u00e3o Terra M\u00e3e \u2013 Solidariedade e Interven\u00e7\u00e3o Social. Este foi um momento marcante, que a renovada Dire\u00e7\u00e3o e restantes \u00d3rg\u00e3os Sociais assumimos [&hellip;]<\/p>\n","protected":false},"author":1,"featured_media":0,"parent":3183,"menu_order":0,"comment_status":"closed","ping_status":"closed","template":"template-full-width.php","meta":{"ngg_post_thumbnail":0,"footnotes":""},"class_list":["post-3525","page","type-page","status-publish","hentry"],"_links":{"self":[{"href":"http:\/\/terramae.pt\/inicio\/wp-json\/wp\/v2\/pages\/3525","targetHints":{"allow":["GET"]}}],"collection":[{"href":"http:\/\/terramae.pt\/inicio\/wp-json\/wp\/v2\/pages"}],"about":[{"href":"http:\/\/terramae.pt\/inicio\/wp-json\/wp\/v2\/types\/page"}],"author":[{"embeddable":true,"href":"http:\/\/terramae.pt\/inicio\/wp-json\/wp\/v2\/users\/1"}],"replies":[{"embeddable":true,"href":"http:\/\/terramae.pt\/inicio\/wp-json\/wp\/v2\/comments?post=3525"}],"version-history":[{"count":41,"href":"http:\/\/terramae.pt\/inicio\/wp-json\/wp\/v2\/pages\/3525\/revisions"}],"predecessor-version":[{"id":3977,"href":"http:\/\/terramae.pt\/inicio\/wp-json\/wp\/v2\/pages\/3525\/revisions\/3977"}],"up":[{"embeddable":true,"href":"http:\/\/terramae.pt\/inicio\/wp-json\/wp\/v2\/pages\/3183"}],"wp:attachment":[{"href":"http:\/\/terramae.pt\/inicio\/wp-json\/wp\/v2\/media?parent=3525"}],"curies":[{"name":"wp","href":"https:\/\/api.w.org\/{rel}","templated":true}]}}