{"id":3166,"date":"2020-11-15T19:34:32","date_gmt":"2020-11-15T19:34:32","guid":{"rendered":"http:\/\/terramae.pt\/inicio\/?page_id=3166"},"modified":"2020-11-15T19:34:47","modified_gmt":"2020-11-15T19:34:47","slug":"servico-snipi","status":"publish","type":"page","link":"http:\/\/terramae.pt\/inicio\/equipa-local-de-intervencao\/servico-snipi\/","title":{"rendered":"Servi\u00e7o SNIPI"},"content":{"rendered":"<div id=\"pl-3166\"  class=\"panel-layout\" ><div id=\"pg-3166-0\"  class=\"panel-grid panel-no-style\" ><div id=\"pgc-3166-0-0\"  class=\"panel-grid-cell\" ><div id=\"panel-3166-0-0-0\" class=\"so-panel widget widget_sow-image panel-first-child\" data-index=\"0\" ><div\n\t\t\t\n\t\t\tclass=\"so-widget-sow-image so-widget-sow-image-default-c67d20f9f743-3166\"\n\t\t\t\n\t\t>\n<div class=\"sow-image-container\">\n\t\t<img \n\tsrc=\"http:\/\/terramae.pt\/inicio\/wp-content\/uploads\/2020\/10\/logo_ELI-300x300.jpg\" width=\"300\" height=\"300\" srcset=\"http:\/\/terramae.pt\/inicio\/wp-content\/uploads\/2020\/10\/logo_ELI-300x300.jpg 300w, http:\/\/terramae.pt\/inicio\/wp-content\/uploads\/2020\/10\/logo_ELI-150x150.jpg 150w, http:\/\/terramae.pt\/inicio\/wp-content\/uploads\/2020\/10\/logo_ELI.jpg 500w\" sizes=\"(max-width: 300px) 100vw, 300px\" alt=\"\" \t\tclass=\"so-widget-image\"\/>\n\t<\/div>\n\n<\/div><\/div><div id=\"panel-3166-0-0-1\" class=\"so-panel widget widget_sow-editor\" data-index=\"1\" ><div\n\t\t\t\n\t\t\tclass=\"so-widget-sow-editor so-widget-sow-editor-base\"\n\t\t\t\n\t\t><h3 class=\"widget-title\">Servi\u00e7o SNIPI<\/h3>\n<div class=\"siteorigin-widget-tinymce textwidget\">\n\t<p style=\"text-align: justify;\">O Decreto-Lei n.\u00ba 281\/2009 cria o Sistema Nacional de Interven\u00e7\u00e3o Precoce na Inf\u00e2ncia (SNIPI), o qual diz respeito a um \u201cconjunto organizado de entidades institucionais e de natureza familiar, com vista a garantir condi\u00e7\u00f5es de desenvolvimento das crian\u00e7as com fun\u00e7\u00f5es ou estruturas do corpo que limitam o crescimento pessoal, social, e a sua participa\u00e7\u00e3o nas atividades t\u00edpicas para a idade, bem como das crian\u00e7as com risco grave de atraso de desenvolvimento.\u201d Trata-se de uma medida de apoio integrado, centrada na crian\u00e7a e na fam\u00edlia, mediante a\u00e7\u00f5es de natureza preventiva e habilitativa, no \u00e2mbito da educa\u00e7\u00e3o, sa\u00fade e da a\u00e7\u00e3o social.<\/p>\n<p style=\"text-align: justify;\">A parceria entre o Minist\u00e9rio da Sa\u00fade, o Minist\u00e9rio da Educa\u00e7\u00e3o e o Minist\u00e9rio da Seguran\u00e7a Social, constitui uma medida de apoio integrado, centrada na crian\u00e7a e na fam\u00edlia, mediante a\u00e7\u00f5es de forma\u00e7\u00e3o de natureza habilitativa e preventiva, nomeadamente, nas \u00e1reas da educa\u00e7\u00e3o, da sa\u00fade e da a\u00e7\u00e3o social.<\/p>\n<\/div>\n<\/div><\/div><div id=\"panel-3166-0-0-2\" class=\"so-panel widget widget_sow-video panel-last-child\" data-index=\"2\" ><div\n\t\t\t\n\t\t\tclass=\"so-widget-sow-video so-widget-sow-video-default-c08170c47cfb-3166\"\n\t\t\t\n\t\t>\n<div class=\"sow-video-wrapper\n\">\n\t\t\t\t<\/div>\n<\/div><\/div><\/div><div id=\"pgc-3166-0-1\"  class=\"panel-grid-cell\" ><div id=\"panel-3166-0-1-0\" class=\"so-panel widget widget_nav_menu panel-first-child panel-last-child\" data-index=\"3\" ><div class=\"panel-widget-style panel-widget-style-for-3166-0-1-0\" ><h3 class=\"widget-title\">Menu ELI<\/h3><div class=\"menu-eli-container\"><ul id=\"menu-eli\" class=\"menu\"><li id=\"menu-item-3159\" class=\"menu-item menu-item-type-post_type menu-item-object-page menu-item-3159\"><a href=\"http:\/\/terramae.pt\/inicio\/equipa-local-de-intervencao\/eli-quem-somos\/\">Quem Somos<\/a><\/li>\n<li id=\"menu-item-3162\" class=\"menu-item menu-item-type-post_type menu-item-object-page menu-item-3162\"><a href=\"http:\/\/terramae.pt\/inicio\/equipa-local-de-intervencao\/objetivos-da-intervencao\/\">Objetivos da Interven\u00e7\u00e3o<\/a><\/li>\n<li id=\"menu-item-3160\" class=\"menu-item menu-item-type-post_type menu-item-object-page menu-item-3160\"><a href=\"http:\/\/terramae.pt\/inicio\/equipa-local-de-intervencao\/principais-funcoes-da-eli\/\">Principais fun\u00e7\u00f5es da ELI<\/a><\/li>\n<li id=\"menu-item-3163\" class=\"menu-item menu-item-type-post_type menu-item-object-page menu-item-3163\"><a href=\"http:\/\/terramae.pt\/inicio\/equipa-local-de-intervencao\/a-imporetancia-de-intervir-precocemente\/\">A Import\u00e2ncia de Intervir Precocemente<\/a><\/li>\n<li id=\"menu-item-3171\" class=\"menu-item menu-item-type-post_type menu-item-object-page menu-item-3171\"><a href=\"http:\/\/terramae.pt\/inicio\/equipa-local-de-intervencao\/servico-snipi\/\">Servi\u00e7o SNIPI<\/a><\/li>\n<li id=\"menu-item-3161\" class=\"menu-item menu-item-type-post_type menu-item-object-page menu-item-3161\"><a href=\"http:\/\/terramae.pt\/inicio\/equipa-local-de-intervencao\/perguntas-frequentes\/\">Perguntas frequentes<\/a><\/li>\n<\/ul><\/div><\/div><\/div><\/div><\/div><div id=\"pg-3166-1\"  class=\"panel-grid panel-no-style\" ><div id=\"pgc-3166-1-0\"  class=\"panel-grid-cell panel-grid-cell-empty\" ><\/div><div id=\"pgc-3166-1-1\"  class=\"panel-grid-cell panel-grid-cell-empty panel-grid-cell-mobile-last\" ><\/div><div id=\"pgc-3166-1-2\"  class=\"panel-grid-cell panel-grid-cell-empty\" ><\/div><\/div><div id=\"pg-3166-2\"  class=\"panel-grid panel-has-style\" ><div class=\"siteorigin-panels-stretch panel-row-style panel-row-style-for-3166-2\" data-stretch-type=\"full\" ><div id=\"pgc-3166-2-0\"  class=\"panel-grid-cell panel-grid-cell-empty\" ><\/div><\/div><\/div><\/div>","protected":false},"excerpt":{"rendered":"<p>O Decreto-Lei n.\u00ba 281\/2009 cria o Sistema Nacional de Interven\u00e7\u00e3o Precoce na Inf\u00e2ncia (SNIPI), o qual diz respeito a um \u201cconjunto organizado de entidades institucionais e de natureza familiar, com vista a garantir condi\u00e7\u00f5es de desenvolvimento das crian\u00e7as com fun\u00e7\u00f5es [&hellip;]<\/p>\n","protected":false},"author":1,"featured_media":0,"parent":3164,"menu_order":0,"comment_status":"closed","ping_status":"closed","template":"template-full-width.php","meta":{"ngg_post_thumbnail":0,"footnotes":""},"class_list":["post-3166","page","type-page","status-publish","hentry"],"_links":{"self":[{"href":"http:\/\/terramae.pt\/inicio\/wp-json\/wp\/v2\/pages\/3166","targetHints":{"allow":["GET"]}}],"collection":[{"href":"http:\/\/terramae.pt\/inicio\/wp-json\/wp\/v2\/pages"}],"about":[{"href":"http:\/\/terramae.pt\/inicio\/wp-json\/wp\/v2\/types\/page"}],"author":[{"embeddable":true,"href":"http:\/\/terramae.pt\/inicio\/wp-json\/wp\/v2\/users\/1"}],"replies":[{"embeddable":true,"href":"http:\/\/terramae.pt\/inicio\/wp-json\/wp\/v2\/comments?post=3166"}],"version-history":[{"count":4,"href":"http:\/\/terramae.pt\/inicio\/wp-json\/wp\/v2\/pages\/3166\/revisions"}],"predecessor-version":[{"id":3170,"href":"http:\/\/terramae.pt\/inicio\/wp-json\/wp\/v2\/pages\/3166\/revisions\/3170"}],"up":[{"embeddable":true,"href":"http:\/\/terramae.pt\/inicio\/wp-json\/wp\/v2\/pages\/3164"}],"wp:attachment":[{"href":"http:\/\/terramae.pt\/inicio\/wp-json\/wp\/v2\/media?parent=3166"}],"curies":[{"name":"wp","href":"https:\/\/api.w.org\/{rel}","templated":true}]}}