{"id":3028,"date":"2020-11-14T18:43:55","date_gmt":"2020-11-14T18:43:55","guid":{"rendered":"http:\/\/terramae.pt\/inicio\/?page_id=3028"},"modified":"2020-11-15T19:11:51","modified_gmt":"2020-11-15T19:11:51","slug":"apoio-alimentar","status":"publish","type":"page","link":"http:\/\/terramae.pt\/inicio\/saas\/apoio-alimentar\/","title":{"rendered":"Apoio Alimentar"},"content":{"rendered":"<div id=\"pl-3028\"  class=\"panel-layout\" ><div id=\"pg-3028-0\"  class=\"panel-grid panel-no-style\" ><div id=\"pgc-3028-0-0\"  class=\"panel-grid-cell\" ><div id=\"panel-3028-0-0-0\" class=\"so-panel widget widget_sow-image panel-first-child\" data-index=\"0\" ><div\n\t\t\t\n\t\t\tclass=\"so-widget-sow-image so-widget-sow-image-default-c67d20f9f743-3028\"\n\t\t\t\n\t\t>\n<div class=\"sow-image-container\">\n\t\t<img \n\tsrc=\"http:\/\/terramae.pt\/inicio\/wp-content\/uploads\/2020\/10\/logo_SAAS-300x300.jpg\" width=\"300\" height=\"300\" srcset=\"http:\/\/terramae.pt\/inicio\/wp-content\/uploads\/2020\/10\/logo_SAAS-300x300.jpg 300w, http:\/\/terramae.pt\/inicio\/wp-content\/uploads\/2020\/10\/logo_SAAS-150x150.jpg 150w, http:\/\/terramae.pt\/inicio\/wp-content\/uploads\/2020\/10\/logo_SAAS.jpg 500w\" sizes=\"(max-width: 300px) 100vw, 300px\" alt=\"\" \t\tclass=\"so-widget-image\"\/>\n\t<\/div>\n\n<\/div><\/div><div id=\"panel-3028-0-0-1\" class=\"so-panel widget widget_sow-editor\" data-index=\"1\" ><div\n\t\t\t\n\t\t\tclass=\"so-widget-sow-editor so-widget-sow-editor-base\"\n\t\t\t\n\t\t>\n<div class=\"siteorigin-widget-tinymce textwidget\">\n\t<p style=\"text-align: justify;\">A Terra M\u00e3e atribui cabazes alimentares de dois projetos distintos:<\/p>\n<\/div>\n<\/div><\/div><div id=\"panel-3028-0-0-2\" class=\"so-panel widget widget_sow-editor\" data-index=\"2\" ><div\n\t\t\t\n\t\t\tclass=\"so-widget-sow-editor so-widget-sow-editor-base\"\n\t\t\t\n\t\t><h3 class=\"widget-title\">Banco Alimentar<\/h3>\n<div class=\"siteorigin-widget-tinymce textwidget\">\n\t<p style=\"text-align: justify;\">Os alimentos prov\u00eam do Banco Alimentar Contra \u00e0 Fome \u2013 Delega\u00e7\u00e3o de \u00c9vora, com o qual a Associa\u00e7\u00e3o Terra M\u00e3e colabora nas recolhas de alimentos. Estas recolhas s\u00e3o realizadas duas vezes por ano nos supermercados do concelho com o apoio de volunt\u00e1rios e os cabazes dos alimentos que posteriormente recebemos s\u00e3o distribu\u00edmos mensalmente pelas fam\u00edlias do concelho de Viana do Alentejo.<\/p>\n<\/div>\n<\/div><\/div><div id=\"panel-3028-0-0-3\" class=\"so-panel widget widget_sow-editor\" data-index=\"3\" ><div\n\t\t\t\n\t\t\tclass=\"so-widget-sow-editor so-widget-sow-editor-base\"\n\t\t\t\n\t\t><h3 class=\"widget-title\">POAPMC<\/h3>\n<div class=\"siteorigin-widget-tinymce textwidget\">\n\t<p style=\"text-align: justify;\">Desde 2017 que somos entidade mediadora no POAPMC o qual nos permite entregar alimentos a 70 pessoas do concelho, mensalmente. O projeto teve fim em setembro de 2019. Iniciando-se desde logo a 2\u00aa fase que ter\u00e1 dura\u00e7\u00e3o de 3 anos. Desde Agosto de 2020 que apoiamos uma m\u00e9dia 140 pessoas todos os meses.<\/p>\n<p style=\"text-align: justify;\">O POAPMC tem como entidade promotora a C\u00e1ritas de \u00c9vora e abarca um total de 432 pessoas no territ\u00f3rio definido pelo Programa que engloba o concelho de \u00c9vora, Viana do Alentejo, Mora, Pavia e Arraiolos.<\/p>\n<p style=\"text-align: justify;\">Este projeto prev\u00ea ainda a\u00e7\u00f5es de acompanhamento que se traduzem em sess\u00f5es de esclarecimento dirigida aos destinat\u00e1rios finais sobre: Otimiza\u00e7\u00e3o de gest\u00e3o do or\u00e7amento familiar e preven\u00e7\u00e3o do desperd\u00edcio.<\/p>\n<\/div>\n<\/div><\/div><div id=\"panel-3028-0-0-4\" class=\"so-panel widget widget_sow-editor\" data-index=\"4\" ><div\n\t\t\t\n\t\t\tclass=\"so-widget-sow-editor so-widget-sow-editor-base\"\n\t\t\t\n\t\t>\n<div class=\"siteorigin-widget-tinymce textwidget\">\n\t<p><strong>Os cabazes s\u00e3o constitu\u00eddos por:<\/strong><\/p>\n<p style=\"text-align: justify;\"><strong>1\u00aa fase<\/strong>: Leite, Queijo, arroz, massa, feij\u00e3o gr\u00e3o, Frango congelado, pescada congelada, tomate pelado, azeite, creme vegetal, marmelada, cereais, atum e sardinha em lata, mistura de vegetais, br\u00f3colos congelados e espinafres congelados.<\/p>\n<p style=\"text-align: justify;\"><strong>2\u00aa fase<\/strong>:&nbsp;Leite, Queijo, arroz, massa, feij\u00e3o gr\u00e3o, Frango congelado, pescada congelada, tomate pelado, azeite, creme vegetal, marmelada, cereais, atum e sardinha em lata, mistura de vegetais, br\u00f3colos congelados, espinafres congelados, feij\u00e3o verde, alho franc\u00eas, ervilhas, bolachas, cavala, tostas e cenouras.<\/p>\n<\/div>\n<\/div><\/div><div id=\"panel-3028-0-0-5\" class=\"so-panel widget widget_sow-editor panel-last-child\" data-index=\"5\" ><div\n\t\t\t\n\t\t\tclass=\"so-widget-sow-editor so-widget-sow-editor-base\"\n\t\t\t\n\t\t>\n<div class=\"siteorigin-widget-tinymce textwidget\">\n\tngg_shortcode_0_placeholder\n<\/div>\n<\/div><\/div><\/div><div id=\"pgc-3028-0-1\"  class=\"panel-grid-cell\" ><div id=\"panel-3028-0-1-0\" class=\"so-panel widget widget_nav_menu panel-first-child panel-last-child\" data-index=\"6\" ><div class=\"panel-widget-style panel-widget-style-for-3028-0-1-0\" ><h3 class=\"widget-title\">Menu SAAS<\/h3><div class=\"menu-saas-container\"><ul id=\"menu-saas\" class=\"menu\"><li id=\"menu-item-3079\" class=\"menu-item menu-item-type-post_type menu-item-object-page menu-item-3079\"><a href=\"http:\/\/terramae.pt\/inicio\/saas\/saas-quem-somos\/\">Quem Somos<\/a><\/li>\n<li id=\"menu-item-3078\" class=\"menu-item menu-item-type-post_type menu-item-object-page menu-item-3078\"><a href=\"http:\/\/terramae.pt\/inicio\/saas\/psicologia\/\">Psicologia<\/a><\/li>\n<li id=\"menu-item-3077\" class=\"menu-item menu-item-type-post_type menu-item-object-page menu-item-3077\"><a href=\"http:\/\/terramae.pt\/inicio\/saas\/loja-social\/\">Loja Social<\/a><\/li>\n<li id=\"menu-item-3076\" class=\"menu-item menu-item-type-post_type menu-item-object-page menu-item-3076\"><a href=\"http:\/\/terramae.pt\/inicio\/saas\/apoio-alimentar\/\">Apoio Alimentar<\/a><\/li>\n<li id=\"menu-item-3075\" class=\"menu-item menu-item-type-post_type menu-item-object-page menu-item-3075\"><a href=\"http:\/\/terramae.pt\/inicio\/saas\/ajudas-tecnicas\/\">Ajudas T\u00e9cnicas<\/a><\/li>\n<li id=\"menu-item-3080\" class=\"menu-item menu-item-type-post_type menu-item-object-page menu-item-3080\"><a href=\"http:\/\/terramae.pt\/inicio\/saas\/atividades-para-criancas-e-jovens\/\">Atividades para Crian\u00e7as e Jovens<\/a><\/li>\n<li id=\"menu-item-3074\" class=\"menu-item menu-item-type-post_type menu-item-object-page menu-item-3074\"><a href=\"http:\/\/terramae.pt\/inicio\/saas\/formacao-para-adultos\/\">Forma\u00e7\u00e3o para Adultos<\/a><\/li>\n<li id=\"menu-item-3081\" class=\"menu-item menu-item-type-post_type menu-item-object-page menu-item-3081\"><a href=\"http:\/\/terramae.pt\/inicio\/saas\/grupo-intervencao-social-integrada\/\">Grupo de Interven\u00e7\u00e3o Social Integrada<\/a><\/li>\n<\/ul><\/div><\/div><\/div><\/div><\/div><div id=\"pg-3028-1\"  class=\"panel-grid panel-no-style\" ><div id=\"pgc-3028-1-0\"  class=\"panel-grid-cell panel-grid-cell-empty\" ><\/div><\/div><div id=\"pg-3028-2\"  class=\"panel-grid panel-has-style\" ><div class=\"siteorigin-panels-stretch panel-row-style panel-row-style-for-3028-2\" data-stretch-type=\"full\" ><div id=\"pgc-3028-2-0\"  class=\"panel-grid-cell panel-grid-cell-empty\" ><\/div><\/div><\/div><\/div>","protected":false},"excerpt":{"rendered":"<p>A Terra M\u00e3e atribui cabazes alimentares de dois projetos distintos: Os alimentos prov\u00eam do Banco Alimentar Contra \u00e0 Fome \u2013 Delega\u00e7\u00e3o de \u00c9vora, com o qual a Associa\u00e7\u00e3o Terra M\u00e3e colabora nas recolhas de alimentos. Estas recolhas s\u00e3o realizadas duas [&hellip;]<\/p>\n","protected":false},"author":1,"featured_media":0,"parent":565,"menu_order":0,"comment_status":"closed","ping_status":"closed","template":"template-full-width.php","meta":{"ngg_post_thumbnail":0,"footnotes":""},"class_list":["post-3028","page","type-page","status-publish","hentry"],"_links":{"self":[{"href":"http:\/\/terramae.pt\/inicio\/wp-json\/wp\/v2\/pages\/3028","targetHints":{"allow":["GET"]}}],"collection":[{"href":"http:\/\/terramae.pt\/inicio\/wp-json\/wp\/v2\/pages"}],"about":[{"href":"http:\/\/terramae.pt\/inicio\/wp-json\/wp\/v2\/types\/page"}],"author":[{"embeddable":true,"href":"http:\/\/terramae.pt\/inicio\/wp-json\/wp\/v2\/users\/1"}],"replies":[{"embeddable":true,"href":"http:\/\/terramae.pt\/inicio\/wp-json\/wp\/v2\/comments?post=3028"}],"version-history":[{"count":6,"href":"http:\/\/terramae.pt\/inicio\/wp-json\/wp\/v2\/pages\/3028\/revisions"}],"predecessor-version":[{"id":3140,"href":"http:\/\/terramae.pt\/inicio\/wp-json\/wp\/v2\/pages\/3028\/revisions\/3140"}],"up":[{"embeddable":true,"href":"http:\/\/terramae.pt\/inicio\/wp-json\/wp\/v2\/pages\/565"}],"wp:attachment":[{"href":"http:\/\/terramae.pt\/inicio\/wp-json\/wp\/v2\/media?parent=3028"}],"curies":[{"name":"wp","href":"https:\/\/api.w.org\/{rel}","templated":true}]}}