{"id":2989,"date":"2020-11-14T18:25:16","date_gmt":"2020-11-14T18:25:16","guid":{"rendered":"http:\/\/terramae.pt\/inicio\/?page_id=2989"},"modified":"2020-11-17T11:52:57","modified_gmt":"2020-11-17T11:52:57","slug":"saas-quem-somos","status":"publish","type":"page","link":"http:\/\/terramae.pt\/inicio\/saas\/saas-quem-somos\/","title":{"rendered":"Quem Somos"},"content":{"rendered":"<div id=\"pl-2989\"  class=\"panel-layout\" ><div id=\"pg-2989-0\"  class=\"panel-grid panel-no-style\" ><div id=\"pgc-2989-0-0\"  class=\"panel-grid-cell\" ><div id=\"panel-2989-0-0-0\" class=\"so-panel widget widget_sow-image panel-first-child\" data-index=\"0\" ><div\n\t\t\t\n\t\t\tclass=\"so-widget-sow-image so-widget-sow-image-default-c67d20f9f743-2989\"\n\t\t\t\n\t\t>\n<div class=\"sow-image-container\">\n\t\t<img \n\tsrc=\"http:\/\/terramae.pt\/inicio\/wp-content\/uploads\/2020\/10\/logo_SAAS-300x300.jpg\" width=\"300\" height=\"300\" srcset=\"http:\/\/terramae.pt\/inicio\/wp-content\/uploads\/2020\/10\/logo_SAAS-300x300.jpg 300w, http:\/\/terramae.pt\/inicio\/wp-content\/uploads\/2020\/10\/logo_SAAS-150x150.jpg 150w, http:\/\/terramae.pt\/inicio\/wp-content\/uploads\/2020\/10\/logo_SAAS.jpg 500w\" sizes=\"(max-width: 300px) 100vw, 300px\" alt=\"\" \t\tclass=\"so-widget-image\"\/>\n\t<\/div>\n\n<\/div><\/div><div id=\"panel-2989-0-0-1\" class=\"so-panel widget widget_sow-editor\" data-index=\"1\" ><div\n\t\t\t\n\t\t\tclass=\"so-widget-sow-editor so-widget-sow-editor-base\"\n\t\t\t\n\t\t><h3 class=\"widget-title\">Quem Somos<\/h3>\n<div class=\"siteorigin-widget-tinymce textwidget\">\n\t<ul>\n<li>Assistente Social<\/li>\n<li>Psic\u00f3loga clinica<\/li>\n<\/ul>\n<\/div>\n<\/div><\/div><div id=\"panel-2989-0-0-2\" class=\"so-panel widget widget_sow-editor\" data-index=\"2\" ><div\n\t\t\t\n\t\t\tclass=\"so-widget-sow-editor so-widget-sow-editor-base\"\n\t\t\t\n\t\t><h3 class=\"widget-title\">Onde Estamos<\/h3>\n<div class=\"siteorigin-widget-tinymce textwidget\">\n\t<ul>\n<li>Alc\u00e1\u00e7ovas \u2013 Associa\u00e7\u00e3o Terra M\u00e3e (<a href=\"https:\/\/www.google.com\/maps\/dir\/\/38.3884948,-8.1496212\/@38.3886679,-8.2199623,12z\">google maps<\/a>)<\/li>\n<li>Viana do Alentejo \u2013 Edif\u00edcio Terras Dentro (<a href=\"https:\/\/www.google.pt\/maps\/dir\/\/Terras+Dentro+-+Associa%C3%A7%C3%A3o+para+o+Desenvolvimento+Integrado,+R.+do+Rossio+de+Pinheiro+2,+7090-049+Alc%C3%A1%C3%A7ovas\/@38.3944706,-8.1573294,17.5z\/data=!4m8!4m7!1m0!1m5!1m1!1s0xd198aeaf695d9df:0xe3fbce2a8eaba03b!2m2!1d-8.157302!2d38.3953326\">google maps<\/a>)<\/li>\n<li>Aguiar \u2013 Junta de Freguesia de Aguiar (<a href=\"https:\/\/www.google.pt\/maps\/dir\/\/Junta+de+Freguesia+de+Aguiar,+R.+10+de+Outubro+1,+7090-405+Aguiar\/@38.3911742,-7.9665536,441m\/data=!3m1!1e3!4m8!4m7!1m0!1m5!1m1!1s0xd19f7f086e950f9:0xf540a6c6cd9ac437!2m2!1d-7.9658915!2d38.3919339\">google maps<\/a>)<\/li>\n<\/ul>\n<\/div>\n<\/div><\/div><div id=\"panel-2989-0-0-3\" class=\"so-panel widget widget_sow-editor\" data-index=\"3\" ><div\n\t\t\t\n\t\t\tclass=\"so-widget-sow-editor so-widget-sow-editor-base\"\n\t\t\t\n\t\t><h3 class=\"widget-title\">O Que Fazemos<\/h3>\n<div class=\"siteorigin-widget-tinymce textwidget\">\n\t<ul>\n<li>Informamos, aconselhamos e encaminhamos para respostas, servi\u00e7os e presta\u00e7\u00f5es sociais;<\/li>\n<li>Acompanhamos situa\u00e7\u00f5es de pobreza, ou de vulnerabilidade social;<\/li>\n<li>Fazemos acompanhamento psicol\u00f3gico de crian\u00e7as e adultos;<\/li>\n<li>Atribu\u00edmos cabazes alimentares \u2013 Banco Alimentar e Programa Operacional de Apoio \u00e0s pessoas mais Carenciadas - POAPMC;<\/li>\n<li>Banco de ajudas t\u00e9cnicas \u2013 Cadeiras de rodas, camas articuladas, etc;<\/li>\n<li>Anima\u00e7\u00e3o s\u00f3cio educativa dirigida a crian\u00e7as e jovens;<\/li>\n<li>Loja Social \u2013 Vestu\u00e1rio, cal\u00e7ado, equipamentos para beb\u00e9s, brinquedos, etc;<\/li>\n<li>Estamos na Comiss\u00e3o de prote\u00e7\u00e3o de crian\u00e7as e jovens de Viana do Alentejo&nbsp; - CPCJVA;<\/li>\n<li>Estamos na Rede Social de Viana do Alentejo;<\/li>\n<li>Estamos na EAPN \u2013 \u00c9vora \u2013 Rede Europeia Anti Pobreza;<\/li>\n<li>Estamos na Rede de Parceiros de Preven\u00e7\u00e3o do Alcoolismo de Viana do Alentejo;<\/li>\n<li>Estamos na Rede de Interven\u00e7\u00e3o Integrada do Distrito de \u00c9vora \u2013 RIIDE;<\/li>\n<li>Estamos na Rede de Interven\u00e7\u00e3o Local de Combate \u00e0 Viol\u00eancia Dom\u00e9stica do Concelho de Viana do Alentejo \u2013 RILVA.<\/li>\n<\/ul>\n<\/div>\n<\/div><\/div><div id=\"panel-2989-0-0-4\" class=\"so-panel widget widget_sow-headline\" data-index=\"4\" ><div class=\"panel-widget-style panel-widget-style-for-2989-0-0-4\" ><div\n\t\t\t\n\t\t\tclass=\"so-widget-sow-headline so-widget-sow-headline-default-a61ad8b136b0-2989 so-widget-fittext-wrapper\"\n\t\t\t data-fit-text-compressor=\"0.85\"\n\t\t><div class=\"sow-headline-container \">\n\t\t\t\t\t\t\t<h3 class=\"sow-headline\">\n\t\t\t\t\t\t\u00daLTIMAS ATIVIDADES\t\t\t\t\t\t<\/h3>\n\t\t\t\t\t\t<\/div>\n<\/div><\/div><\/div><div id=\"panel-2989-0-0-5\" class=\"so-panel widget widget_sow-post-carousel panel-last-child\" data-index=\"5\" ><div class=\"panel-widget-style panel-widget-style-for-2989-0-0-5\" ><div\n\t\t\t\n\t\t\tclass=\"so-widget-sow-post-carousel so-widget-sow-post-carousel-base-16185f985534-2989\"\n\t\t\t\n\t\t>\t<div\n\t\tclass=\"sow-post-carousel-wrapper sow-post-carousel-theme-base\"\n\t\tstyle=\"overflow: hidden; max-width: 100%; min-height: 182px\"\n\t>\n\t\t<div class=\"sow-carousel-title\">\n\t\t\t<div class=\"sow-carousel-navigation \">\n\t\t\t\t\t\t<a href=\"#\" class=\"sow-carousel-next\" title=\"Next\" aria-label=\"Next Posts\" role=\"button\"><\/a>\n\t\t\t\t\t\t<a href=\"#\" class=\"sow-carousel-previous\" title=\"Previous\" aria-label=\"Previous Posts\" role=\"button\"><\/a>\n\t\t\t\t\t<\/div>\n\t<\/div>\n\n<div class=\"sow-carousel-container \">\n\t\t<div class=\"sow-carousel-wrapper\"\n\t\tdata-dir=\"ltr\"\n\t\tstyle=\"opacity: 0;\"\n\t\tdata-widget=\"post\" data-fetching=\"false\" data-page=\"1\" data-ajax-url=\"http:\/\/terramae.pt\/inicio\/wp-admin\/admin-ajax.php?_widgets_nonce=8b47d611a9\" data-item_count=\"37\" data-carousel_settings=\"{&quot;loop&quot;:false,&quot;animation&quot;:&quot;Ease&quot;,&quot;animation_speed&quot;:400,&quot;autoplay&quot;:&quot;&quot;,&quot;pauseOnHover&quot;:&quot;&quot;,&quot;autoplaySpeed&quot;:8000,&quot;item_overflow&quot;:true,&quot;autoplay_continuous_scroll&quot;:false}\" data-responsive=\"{&quot;desktop_slides_to_scroll&quot;:1,&quot;tablet_landscape_breakpoint&quot;:1366,&quot;tablet_landscape_slides_to_scroll&quot;:2,&quot;tablet_portrait_breakpoint&quot;:1025,&quot;tablet_portrait_slides_to_scroll&quot;:2,&quot;mobile_breakpoint&quot;:480,&quot;mobile_slides_to_scroll&quot;:1}\" data-variable_width=\"true\" \t>\n\t\t<div\n\t\t\tclass=\"sow-carousel-items\"\n\t\t\t\t\t>\n\t\t\t\t<div class=\"sow-carousel-item\" tabindex=\"-1\" style=\"float: left;\">\n\t\t<div class=\"sow-carousel-thumbnail\">\n\t\t\t\t\t\t\t<a\n\t\t\t\t\thref=\"http:\/\/terramae.pt\/inicio\/2020\/11\/09\/focus-week-distrital-de-luta-contra-a-pobreza-2\/\"\n\t\t\t\t\t\t\t\t\t\tstyle=\"background-image: url( http:\/\/terramae.pt\/inicio\/wp-content\/uploads\/2020\/11\/Act-1-272x182.png )\"\n\t\t\t\t\taria-labelledby=\"sow-carousel-id-2732\"\n\t\t\t\t\ttabindex=\"-1\"\n\t\t\t\t>\n\t\t\t\t\t<span class=\"overlay\"><\/span>\n\t\t\t\t<\/a>\n\t\t\t\t\t<\/div>\n\t\t<h3 class=\"sow-carousel-item-title\">\n\t\t\t<a\n\t\t\t\thref=\"http:\/\/terramae.pt\/inicio\/2020\/11\/09\/focus-week-distrital-de-luta-contra-a-pobreza-2\/\"\n\t\t\t\tid=\"sow-carousel-id-2732\"\n\t\t\t\t\t\t\t\ttabindex=\"-1\"\n\t\t\t>\n\n\t\t\t\tFocus Week Distrital de Luta Contra a Pobreza\t\t\t<\/a>\n\t\t<\/h3>\n\t<\/div>\n\t\t<div class=\"sow-carousel-item\" tabindex=\"-1\" style=\"float: left;\">\n\t\t<div class=\"sow-carousel-thumbnail\">\n\t\t\t\t\t\t\t<a\n\t\t\t\t\thref=\"http:\/\/terramae.pt\/inicio\/2020\/11\/09\/focus-week-distrital-de-luta-contra-a-pobreza\/\"\n\t\t\t\t\t\t\t\t\t\tstyle=\"background-image: url( http:\/\/terramae.pt\/inicio\/wp-content\/uploads\/2020\/11\/act-2a-272x182.jpg )\"\n\t\t\t\t\taria-labelledby=\"sow-carousel-id-2725\"\n\t\t\t\t\ttabindex=\"-1\"\n\t\t\t\t>\n\t\t\t\t\t<span class=\"overlay\"><\/span>\n\t\t\t\t<\/a>\n\t\t\t\t\t<\/div>\n\t\t<h3 class=\"sow-carousel-item-title\">\n\t\t\t<a\n\t\t\t\thref=\"http:\/\/terramae.pt\/inicio\/2020\/11\/09\/focus-week-distrital-de-luta-contra-a-pobreza\/\"\n\t\t\t\tid=\"sow-carousel-id-2725\"\n\t\t\t\t\t\t\t\ttabindex=\"-1\"\n\t\t\t>\n\n\t\t\t\tFocus Week Distrital de Luta Contra a Pobreza\t\t\t<\/a>\n\t\t<\/h3>\n\t<\/div>\n\t\t<div class=\"sow-carousel-item\" tabindex=\"-1\" style=\"float: left;\">\n\t\t<div class=\"sow-carousel-thumbnail\">\n\t\t\t\t\t\t\t<a\n\t\t\t\t\thref=\"http:\/\/terramae.pt\/inicio\/2020\/11\/09\/concurso-de-seguranca-e-saude-no-trabalho-situacoes-epidemicas-pandemicas\/\"\n\t\t\t\t\t\t\t\t\t\tstyle=\"background-image: url( http:\/\/terramae.pt\/inicio\/wp-content\/uploads\/2020\/11\/act-3-272x182.jpg )\"\n\t\t\t\t\taria-labelledby=\"sow-carousel-id-2721\"\n\t\t\t\t\ttabindex=\"-1\"\n\t\t\t\t>\n\t\t\t\t\t<span class=\"overlay\"><\/span>\n\t\t\t\t<\/a>\n\t\t\t\t\t<\/div>\n\t\t<h3 class=\"sow-carousel-item-title\">\n\t\t\t<a\n\t\t\t\thref=\"http:\/\/terramae.pt\/inicio\/2020\/11\/09\/concurso-de-seguranca-e-saude-no-trabalho-situacoes-epidemicas-pandemicas\/\"\n\t\t\t\tid=\"sow-carousel-id-2721\"\n\t\t\t\t\t\t\t\ttabindex=\"-1\"\n\t\t\t>\n\n\t\t\t\tConcurso de &#8220;Seguran\u00e7a e Sa\u00fade no Trabalho &#8211; situa\u00e7\u00f5es epid\u00e9micas\/pand\u00e9micas&#8221;\t\t\t<\/a>\n\t\t<\/h3>\n\t<\/div>\n\t\t<div class=\"sow-carousel-item\" tabindex=\"-1\" style=\"float: left;\">\n\t\t<div class=\"sow-carousel-thumbnail\">\n\t\t\t\t\t\t\t<a\n\t\t\t\t\thref=\"http:\/\/terramae.pt\/inicio\/2020\/11\/09\/aumento-dos-destinatarios-do-poapmc-covid-19\/\"\n\t\t\t\t\t\t\t\t\t\tstyle=\"background-image: url( http:\/\/terramae.pt\/inicio\/wp-content\/uploads\/2020\/11\/act-4-272x182.jpg )\"\n\t\t\t\t\taria-labelledby=\"sow-carousel-id-2714\"\n\t\t\t\t\ttabindex=\"-1\"\n\t\t\t\t>\n\t\t\t\t\t<span class=\"overlay\"><\/span>\n\t\t\t\t<\/a>\n\t\t\t\t\t<\/div>\n\t\t<h3 class=\"sow-carousel-item-title\">\n\t\t\t<a\n\t\t\t\thref=\"http:\/\/terramae.pt\/inicio\/2020\/11\/09\/aumento-dos-destinatarios-do-poapmc-covid-19\/\"\n\t\t\t\tid=\"sow-carousel-id-2714\"\n\t\t\t\t\t\t\t\ttabindex=\"-1\"\n\t\t\t>\n\n\t\t\t\tAumento dos destinat\u00e1rios do POAPMC &#8211; COVID-19\t\t\t<\/a>\n\t\t<\/h3>\n\t<\/div>\n\t\t<div class=\"sow-carousel-item\" tabindex=\"-1\" style=\"float: left;\">\n\t\t<div class=\"sow-carousel-thumbnail\">\n\t\t\t\t\t\t\t<a\n\t\t\t\t\thref=\"http:\/\/terramae.pt\/inicio\/2020\/11\/09\/programa-reduzir-a-precariedade-energetica-promover-a-literacia\/\"\n\t\t\t\t\t\t\t\t\t\tstyle=\"background-image: url( http:\/\/terramae.pt\/inicio\/wp-content\/uploads\/2020\/11\/act-5-272x182.png )\"\n\t\t\t\t\taria-labelledby=\"sow-carousel-id-2708\"\n\t\t\t\t\ttabindex=\"-1\"\n\t\t\t\t>\n\t\t\t\t\t<span class=\"overlay\"><\/span>\n\t\t\t\t<\/a>\n\t\t\t\t\t<\/div>\n\t\t<h3 class=\"sow-carousel-item-title\">\n\t\t\t<a\n\t\t\t\thref=\"http:\/\/terramae.pt\/inicio\/2020\/11\/09\/programa-reduzir-a-precariedade-energetica-promover-a-literacia\/\"\n\t\t\t\tid=\"sow-carousel-id-2708\"\n\t\t\t\t\t\t\t\ttabindex=\"-1\"\n\t\t\t>\n\n\t\t\t\tPrograma &#8220;Reduzir a precariedade energ\u00e9tica, promover a literacia&#8221;\t\t\t<\/a>\n\t\t<\/h3>\n\t<\/div>\n\t\t<div class=\"sow-carousel-item\" tabindex=\"-1\" style=\"float: left;\">\n\t\t<div class=\"sow-carousel-thumbnail\">\n\t\t\t\t\t\t\t<a\n\t\t\t\t\thref=\"http:\/\/terramae.pt\/inicio\/2020\/11\/09\/grupo-de-intervencao-social-integrada\/\"\n\t\t\t\t\t\t\t\t\t\tstyle=\"background-image: url( http:\/\/terramae.pt\/inicio\/wp-content\/uploads\/2020\/11\/act-6-272x182.jpg )\"\n\t\t\t\t\taria-labelledby=\"sow-carousel-id-2705\"\n\t\t\t\t\ttabindex=\"-1\"\n\t\t\t\t>\n\t\t\t\t\t<span class=\"overlay\"><\/span>\n\t\t\t\t<\/a>\n\t\t\t\t\t<\/div>\n\t\t<h3 class=\"sow-carousel-item-title\">\n\t\t\t<a\n\t\t\t\thref=\"http:\/\/terramae.pt\/inicio\/2020\/11\/09\/grupo-de-intervencao-social-integrada\/\"\n\t\t\t\tid=\"sow-carousel-id-2705\"\n\t\t\t\t\t\t\t\ttabindex=\"-1\"\n\t\t\t>\n\n\t\t\t\tGrupo de Interven\u00e7\u00e3o Social Integrada\t\t\t<\/a>\n\t\t<\/h3>\n\t<\/div>\n\t\t<div class=\"sow-carousel-item\" tabindex=\"-1\" style=\"float: left;\">\n\t\t<div class=\"sow-carousel-thumbnail\">\n\t\t\t\t\t\t\t<a\n\t\t\t\t\thref=\"http:\/\/terramae.pt\/inicio\/2020\/11\/09\/sentir-ansiedade-nao-e-motivo-de-vergonha-ou-culpa\/\"\n\t\t\t\t\t\t\t\t\t\tstyle=\"background-image: url( http:\/\/terramae.pt\/inicio\/wp-content\/uploads\/2020\/11\/act-7-272x182.png )\"\n\t\t\t\t\taria-labelledby=\"sow-carousel-id-2699\"\n\t\t\t\t\ttabindex=\"-1\"\n\t\t\t\t>\n\t\t\t\t\t<span class=\"overlay\"><\/span>\n\t\t\t\t<\/a>\n\t\t\t\t\t<\/div>\n\t\t<h3 class=\"sow-carousel-item-title\">\n\t\t\t<a\n\t\t\t\thref=\"http:\/\/terramae.pt\/inicio\/2020\/11\/09\/sentir-ansiedade-nao-e-motivo-de-vergonha-ou-culpa\/\"\n\t\t\t\tid=\"sow-carousel-id-2699\"\n\t\t\t\t\t\t\t\ttabindex=\"-1\"\n\t\t\t>\n\n\t\t\t\tSentir ansiedade n\u00e3o \u00e9 motivo de vergonha ou culpa\t\t\t<\/a>\n\t\t<\/h3>\n\t<\/div>\n\t\t<div class=\"sow-carousel-item\" tabindex=\"-1\" style=\"float: left;\">\n\t\t<div class=\"sow-carousel-thumbnail\">\n\t\t\t\t\t\t\t<a\n\t\t\t\t\thref=\"http:\/\/terramae.pt\/inicio\/2020\/11\/09\/acao-de-prevencao-com-o-objetivo-de-prevenir-a-violencia-no-namoro\/\"\n\t\t\t\t\t\t\t\t\t\tstyle=\"background-image: url( http:\/\/terramae.pt\/inicio\/wp-content\/uploads\/2020\/11\/act-8-272x182.jpg )\"\n\t\t\t\t\taria-labelledby=\"sow-carousel-id-2693\"\n\t\t\t\t\ttabindex=\"-1\"\n\t\t\t\t>\n\t\t\t\t\t<span class=\"overlay\"><\/span>\n\t\t\t\t<\/a>\n\t\t\t\t\t<\/div>\n\t\t<h3 class=\"sow-carousel-item-title\">\n\t\t\t<a\n\t\t\t\thref=\"http:\/\/terramae.pt\/inicio\/2020\/11\/09\/acao-de-prevencao-com-o-objetivo-de-prevenir-a-violencia-no-namoro\/\"\n\t\t\t\tid=\"sow-carousel-id-2693\"\n\t\t\t\t\t\t\t\ttabindex=\"-1\"\n\t\t\t>\n\n\t\t\t\tA\u00e7\u00e3o de preven\u00e7\u00e3o com o objetivo de prevenir a viol\u00eancia no namoro\t\t\t<\/a>\n\t\t<\/h3>\n\t<\/div>\n\t\t<div class=\"sow-carousel-item\" tabindex=\"-1\" style=\"float: left;\">\n\t\t<div class=\"sow-carousel-thumbnail\">\n\t\t\t\t\t\t\t<a\n\t\t\t\t\thref=\"http:\/\/terramae.pt\/inicio\/2020\/11\/09\/protocolo-para-uma-estrategia-de-combate-a-violencia-domestica-e-de-genero\/\"\n\t\t\t\t\t\t\t\t\t\tstyle=\"background-image: url( http:\/\/terramae.pt\/inicio\/wp-content\/uploads\/2020\/11\/act-9-272x182.jpg )\"\n\t\t\t\t\taria-labelledby=\"sow-carousel-id-2686\"\n\t\t\t\t\ttabindex=\"-1\"\n\t\t\t\t>\n\t\t\t\t\t<span class=\"overlay\"><\/span>\n\t\t\t\t<\/a>\n\t\t\t\t\t<\/div>\n\t\t<h3 class=\"sow-carousel-item-title\">\n\t\t\t<a\n\t\t\t\thref=\"http:\/\/terramae.pt\/inicio\/2020\/11\/09\/protocolo-para-uma-estrategia-de-combate-a-violencia-domestica-e-de-genero\/\"\n\t\t\t\tid=\"sow-carousel-id-2686\"\n\t\t\t\t\t\t\t\ttabindex=\"-1\"\n\t\t\t>\n\n\t\t\t\tProtocolo para uma Estrat\u00e9gia de Combate \u00e0 Viol\u00eancia Dom\u00e9stica e de G\u00e9nero\t\t\t<\/a>\n\t\t<\/h3>\n\t<\/div>\n\t\t<div class=\"sow-carousel-item\" tabindex=\"-1\" style=\"float: left;\">\n\t\t<div class=\"sow-carousel-thumbnail\">\n\t\t\t\t\t\t\t<a\n\t\t\t\t\thref=\"http:\/\/terramae.pt\/inicio\/2020\/11\/09\/loja-social\/\"\n\t\t\t\t\t\t\t\t\t\tstyle=\"background-image: url( http:\/\/terramae.pt\/inicio\/wp-content\/uploads\/2020\/11\/act-11f-272x182.jpg )\"\n\t\t\t\t\taria-labelledby=\"sow-carousel-id-2674\"\n\t\t\t\t\ttabindex=\"-1\"\n\t\t\t\t>\n\t\t\t\t\t<span class=\"overlay\"><\/span>\n\t\t\t\t<\/a>\n\t\t\t\t\t<\/div>\n\t\t<h3 class=\"sow-carousel-item-title\">\n\t\t\t<a\n\t\t\t\thref=\"http:\/\/terramae.pt\/inicio\/2020\/11\/09\/loja-social\/\"\n\t\t\t\tid=\"sow-carousel-id-2674\"\n\t\t\t\t\t\t\t\ttabindex=\"-1\"\n\t\t\t>\n\n\t\t\t\tLoja Social\t\t\t<\/a>\n\t\t<\/h3>\n\t<\/div>\n\t\t\t<\/div>\n\t\t\t<\/div>\n\n\t<\/div>\n\t\t<input type=\"hidden\" name=\"instance_hash\" value=\"64dc2b46\"\/>\n\t<\/div>\n<\/div><\/div><\/div><\/div><div id=\"pgc-2989-0-1\"  class=\"panel-grid-cell\" ><div id=\"panel-2989-0-1-0\" class=\"so-panel widget widget_nav_menu panel-first-child panel-last-child\" data-index=\"6\" ><div class=\"panel-widget-style panel-widget-style-for-2989-0-1-0\" ><h3 class=\"widget-title\">Menu SAAS<\/h3><div class=\"menu-saas-container\"><ul id=\"menu-saas\" class=\"menu\"><li id=\"menu-item-3079\" class=\"menu-item menu-item-type-post_type menu-item-object-page menu-item-3079\"><a href=\"http:\/\/terramae.pt\/inicio\/saas\/saas-quem-somos\/\">Quem Somos<\/a><\/li>\n<li id=\"menu-item-3078\" class=\"menu-item menu-item-type-post_type menu-item-object-page menu-item-3078\"><a href=\"http:\/\/terramae.pt\/inicio\/saas\/psicologia\/\">Psicologia<\/a><\/li>\n<li id=\"menu-item-3077\" class=\"menu-item menu-item-type-post_type menu-item-object-page menu-item-3077\"><a href=\"http:\/\/terramae.pt\/inicio\/saas\/loja-social\/\">Loja Social<\/a><\/li>\n<li id=\"menu-item-3076\" class=\"menu-item menu-item-type-post_type menu-item-object-page menu-item-3076\"><a href=\"http:\/\/terramae.pt\/inicio\/saas\/apoio-alimentar\/\">Apoio Alimentar<\/a><\/li>\n<li id=\"menu-item-3075\" class=\"menu-item menu-item-type-post_type menu-item-object-page menu-item-3075\"><a href=\"http:\/\/terramae.pt\/inicio\/saas\/ajudas-tecnicas\/\">Ajudas T\u00e9cnicas<\/a><\/li>\n<li id=\"menu-item-3080\" class=\"menu-item menu-item-type-post_type menu-item-object-page menu-item-3080\"><a href=\"http:\/\/terramae.pt\/inicio\/saas\/atividades-para-criancas-e-jovens\/\">Atividades para Crian\u00e7as e Jovens<\/a><\/li>\n<li id=\"menu-item-3074\" class=\"menu-item menu-item-type-post_type menu-item-object-page menu-item-3074\"><a href=\"http:\/\/terramae.pt\/inicio\/saas\/formacao-para-adultos\/\">Forma\u00e7\u00e3o para Adultos<\/a><\/li>\n<li id=\"menu-item-3081\" class=\"menu-item menu-item-type-post_type menu-item-object-page menu-item-3081\"><a href=\"http:\/\/terramae.pt\/inicio\/saas\/grupo-intervencao-social-integrada\/\">Grupo de Interven\u00e7\u00e3o Social Integrada<\/a><\/li>\n<\/ul><\/div><\/div><\/div><\/div><\/div><div id=\"pg-2989-1\"  class=\"panel-grid panel-no-style\" ><div id=\"pgc-2989-1-0\"  class=\"panel-grid-cell panel-grid-cell-empty\" ><\/div><\/div><div id=\"pg-2989-2\"  class=\"panel-grid panel-has-style\" ><div class=\"siteorigin-panels-stretch panel-row-style panel-row-style-for-2989-2\" data-stretch-type=\"full\" ><div id=\"pgc-2989-2-0\"  class=\"panel-grid-cell panel-grid-cell-empty\" ><\/div><\/div><\/div><\/div>","protected":false},"excerpt":{"rendered":"<p>Assistente Social Psic\u00f3loga clinica Alc\u00e1\u00e7ovas \u2013 Associa\u00e7\u00e3o Terra M\u00e3e (google maps) Viana do Alentejo \u2013 Edif\u00edcio Terras Dentro (google maps) Aguiar \u2013 Junta de Freguesia de Aguiar (google maps) Informamos, aconselhamos e encaminhamos para respostas, servi\u00e7os e presta\u00e7\u00f5es sociais; Acompanhamos [&hellip;]<\/p>\n","protected":false},"author":1,"featured_media":0,"parent":565,"menu_order":0,"comment_status":"closed","ping_status":"closed","template":"template-full-width.php","meta":{"ngg_post_thumbnail":0,"footnotes":""},"class_list":["post-2989","page","type-page","status-publish","hentry"],"_links":{"self":[{"href":"http:\/\/terramae.pt\/inicio\/wp-json\/wp\/v2\/pages\/2989","targetHints":{"allow":["GET"]}}],"collection":[{"href":"http:\/\/terramae.pt\/inicio\/wp-json\/wp\/v2\/pages"}],"about":[{"href":"http:\/\/terramae.pt\/inicio\/wp-json\/wp\/v2\/types\/page"}],"author":[{"embeddable":true,"href":"http:\/\/terramae.pt\/inicio\/wp-json\/wp\/v2\/users\/1"}],"replies":[{"embeddable":true,"href":"http:\/\/terramae.pt\/inicio\/wp-json\/wp\/v2\/comments?post=2989"}],"version-history":[{"count":26,"href":"http:\/\/terramae.pt\/inicio\/wp-json\/wp\/v2\/pages\/2989\/revisions"}],"predecessor-version":[{"id":3115,"href":"http:\/\/terramae.pt\/inicio\/wp-json\/wp\/v2\/pages\/2989\/revisions\/3115"}],"up":[{"embeddable":true,"href":"http:\/\/terramae.pt\/inicio\/wp-json\/wp\/v2\/pages\/565"}],"wp:attachment":[{"href":"http:\/\/terramae.pt\/inicio\/wp-json\/wp\/v2\/media?parent=2989"}],"curies":[{"name":"wp","href":"https:\/\/api.w.org\/{rel}","templated":true}]}}