{"id":2599,"date":"2020-11-07T18:45:42","date_gmt":"2020-11-07T18:45:42","guid":{"rendered":"http:\/\/terramae.pt\/inicio\/?page_id=2599"},"modified":"2020-11-15T19:21:50","modified_gmt":"2020-11-15T19:21:50","slug":"atividades-para-criancas-e-jovens","status":"publish","type":"page","link":"http:\/\/terramae.pt\/inicio\/saas\/atividades-para-criancas-e-jovens\/","title":{"rendered":"Atividades para Crian\u00e7as e Jovens"},"content":{"rendered":"<div id=\"pl-2599\"  class=\"panel-layout\" ><div id=\"pg-2599-0\"  class=\"panel-grid panel-no-style\" ><div id=\"pgc-2599-0-0\"  class=\"panel-grid-cell\" ><div id=\"panel-2599-0-0-0\" class=\"so-panel widget widget_sow-image panel-first-child\" data-index=\"0\" ><div\n\t\t\t\n\t\t\tclass=\"so-widget-sow-image so-widget-sow-image-default-c67d20f9f743-2599\"\n\t\t\t\n\t\t>\n<div class=\"sow-image-container\">\n\t\t<img \n\tsrc=\"http:\/\/terramae.pt\/inicio\/wp-content\/uploads\/2020\/10\/logo_SAAS-300x300.jpg\" width=\"300\" height=\"300\" srcset=\"http:\/\/terramae.pt\/inicio\/wp-content\/uploads\/2020\/10\/logo_SAAS-300x300.jpg 300w, http:\/\/terramae.pt\/inicio\/wp-content\/uploads\/2020\/10\/logo_SAAS-150x150.jpg 150w, http:\/\/terramae.pt\/inicio\/wp-content\/uploads\/2020\/10\/logo_SAAS.jpg 500w\" sizes=\"(max-width: 300px) 100vw, 300px\" alt=\"\" \t\tclass=\"so-widget-image\"\/>\n\t<\/div>\n\n<\/div><\/div><div id=\"panel-2599-0-0-1\" class=\"so-panel widget widget_sow-editor\" data-index=\"1\" ><div\n\t\t\t\n\t\t\tclass=\"so-widget-sow-editor so-widget-sow-editor-base\"\n\t\t\t\n\t\t><h3 class=\"widget-title\">Atividades para Crian\u00e7as e Jovens<\/h3>\n<div class=\"siteorigin-widget-tinymce textwidget\">\n\t<p style=\"text-align: justify;\">Deixamos-vos algumas experi\u00eancias e projetos que temos proporcionado \u00e0s nossas crian\u00e7as e jovens, cientes que contribuir\u00e3o para um futuro melhor.<\/p>\n<\/div>\n<\/div><\/div><div id=\"panel-2599-0-0-2\" class=\"so-panel widget widget_sow-headline\" data-index=\"2\" ><div class=\"panel-widget-style panel-widget-style-for-2599-0-0-2\" ><div\n\t\t\t\n\t\t\tclass=\"so-widget-sow-headline so-widget-sow-headline-default-a61ad8b136b0-2599 so-widget-fittext-wrapper\"\n\t\t\t data-fit-text-compressor=\"0.85\"\n\t\t><div class=\"sow-headline-container \">\n\t\t\t\t\t\t\t<h3 class=\"sow-headline\">\n\t\t\t\t\t\t\u00daLTIMAS ATIVIDADES\t\t\t\t\t\t<\/h3>\n\t\t\t\t\t\t<\/div>\n<\/div><\/div><\/div><div id=\"panel-2599-0-0-3\" class=\"so-panel widget widget_sow-post-carousel panel-last-child\" data-index=\"3\" ><div class=\"panel-widget-style panel-widget-style-for-2599-0-0-3\" ><div\n\t\t\t\n\t\t\tclass=\"so-widget-sow-post-carousel so-widget-sow-post-carousel-base-16185f985534-2599\"\n\t\t\t\n\t\t>\t<div\n\t\tclass=\"sow-post-carousel-wrapper sow-post-carousel-theme-base\"\n\t\tstyle=\"overflow: hidden; max-width: 100%; min-height: 182px\"\n\t>\n\t\t<div class=\"sow-carousel-title\">\n\t\t\t<div class=\"sow-carousel-navigation \">\n\t\t\t\t\t\t<a href=\"#\" class=\"sow-carousel-next\" title=\"Next\" aria-label=\"Next Posts\" role=\"button\"><\/a>\n\t\t\t\t\t\t<a href=\"#\" class=\"sow-carousel-previous\" title=\"Previous\" aria-label=\"Previous Posts\" role=\"button\"><\/a>\n\t\t\t\t\t<\/div>\n\t<\/div>\n\n<div class=\"sow-carousel-container \">\n\t\t<div class=\"sow-carousel-wrapper\"\n\t\tdata-dir=\"ltr\"\n\t\tstyle=\"opacity: 0;\"\n\t\tdata-widget=\"post\" data-fetching=\"false\" data-page=\"1\" data-ajax-url=\"http:\/\/terramae.pt\/inicio\/wp-admin\/admin-ajax.php?_widgets_nonce=a73ff9ed35\" data-item_count=\"14\" data-carousel_settings=\"{&quot;loop&quot;:false,&quot;animation&quot;:&quot;Ease&quot;,&quot;animation_speed&quot;:400,&quot;autoplay&quot;:&quot;&quot;,&quot;pauseOnHover&quot;:&quot;&quot;,&quot;autoplaySpeed&quot;:8000,&quot;item_overflow&quot;:true,&quot;autoplay_continuous_scroll&quot;:false}\" data-responsive=\"{&quot;desktop_slides_to_scroll&quot;:1,&quot;tablet_landscape_breakpoint&quot;:1366,&quot;tablet_landscape_slides_to_scroll&quot;:2,&quot;tablet_portrait_breakpoint&quot;:1025,&quot;tablet_portrait_slides_to_scroll&quot;:2,&quot;mobile_breakpoint&quot;:480,&quot;mobile_slides_to_scroll&quot;:1}\" data-variable_width=\"true\" \t>\n\t\t<div\n\t\t\tclass=\"sow-carousel-items\"\n\t\t\t\t\t>\n\t\t\t\t<div class=\"sow-carousel-item\" tabindex=\"-1\" style=\"float: left;\">\n\t\t<div class=\"sow-carousel-thumbnail\">\n\t\t\t\t\t\t\t<a\n\t\t\t\t\thref=\"http:\/\/terramae.pt\/inicio\/2020\/11\/04\/grupo-de-competencias-sociais-e-pessoais-clube-cc-crescer-e-conviver-2018\/\"\n\t\t\t\t\t\t\t\t\t\tstyle=\"background-image: url( http:\/\/terramae.pt\/inicio\/wp-content\/uploads\/2020\/11\/36064633_1776673309091105_1163672048266903552_n-272x182.jpg )\"\n\t\t\t\t\taria-labelledby=\"sow-carousel-id-2357\"\n\t\t\t\t\ttabindex=\"-1\"\n\t\t\t\t>\n\t\t\t\t\t<span class=\"overlay\"><\/span>\n\t\t\t\t<\/a>\n\t\t\t\t\t<\/div>\n\t\t<h3 class=\"sow-carousel-item-title\">\n\t\t\t<a\n\t\t\t\thref=\"http:\/\/terramae.pt\/inicio\/2020\/11\/04\/grupo-de-competencias-sociais-e-pessoais-clube-cc-crescer-e-conviver-2018\/\"\n\t\t\t\tid=\"sow-carousel-id-2357\"\n\t\t\t\t\t\t\t\ttabindex=\"-1\"\n\t\t\t>\n\n\t\t\t\tGrupo de compet\u00eancias sociais e pessoais &#8211; Clube CC &#8211; Crescer e Conviver &#8211; 2018\t\t\t<\/a>\n\t\t<\/h3>\n\t<\/div>\n\t\t<div class=\"sow-carousel-item\" tabindex=\"-1\" style=\"float: left;\">\n\t\t<div class=\"sow-carousel-thumbnail\">\n\t\t\t\t\t\t\t<a\n\t\t\t\t\thref=\"http:\/\/terramae.pt\/inicio\/2020\/11\/04\/escola-da-crianca-2018\/\"\n\t\t\t\t\t\t\t\t\t\tstyle=\"background-image: url( http:\/\/terramae.pt\/inicio\/wp-content\/uploads\/2020\/11\/37394760_1810840039007765_8109504236078759936_n-272x182.jpg )\"\n\t\t\t\t\taria-labelledby=\"sow-carousel-id-2347\"\n\t\t\t\t\ttabindex=\"-1\"\n\t\t\t\t>\n\t\t\t\t\t<span class=\"overlay\"><\/span>\n\t\t\t\t<\/a>\n\t\t\t\t\t<\/div>\n\t\t<h3 class=\"sow-carousel-item-title\">\n\t\t\t<a\n\t\t\t\thref=\"http:\/\/terramae.pt\/inicio\/2020\/11\/04\/escola-da-crianca-2018\/\"\n\t\t\t\tid=\"sow-carousel-id-2347\"\n\t\t\t\t\t\t\t\ttabindex=\"-1\"\n\t\t\t>\n\n\t\t\t\tEscola da crian\u00e7a &#8211; 2018\t\t\t<\/a>\n\t\t<\/h3>\n\t<\/div>\n\t\t<div class=\"sow-carousel-item\" tabindex=\"-1\" style=\"float: left;\">\n\t\t<div class=\"sow-carousel-thumbnail\">\n\t\t\t\t\t\t\t<a\n\t\t\t\t\thref=\"http:\/\/terramae.pt\/inicio\/2020\/11\/04\/grupo-de-competencias-sociais-e-pessoais-virados-do-acesso\/\"\n\t\t\t\t\t\t\t\t\t\tstyle=\"background-image: url( http:\/\/terramae.pt\/inicio\/wp-content\/uploads\/2020\/11\/viradosdoavesso5-272x182.jpg )\"\n\t\t\t\t\taria-labelledby=\"sow-carousel-id-2326\"\n\t\t\t\t\ttabindex=\"-1\"\n\t\t\t\t>\n\t\t\t\t\t<span class=\"overlay\"><\/span>\n\t\t\t\t<\/a>\n\t\t\t\t\t<\/div>\n\t\t<h3 class=\"sow-carousel-item-title\">\n\t\t\t<a\n\t\t\t\thref=\"http:\/\/terramae.pt\/inicio\/2020\/11\/04\/grupo-de-competencias-sociais-e-pessoais-virados-do-acesso\/\"\n\t\t\t\tid=\"sow-carousel-id-2326\"\n\t\t\t\t\t\t\t\ttabindex=\"-1\"\n\t\t\t>\n\n\t\t\t\tGrupo de compet\u00eancias sociais e pessoais &#8211; Virados do Acesso\t\t\t<\/a>\n\t\t<\/h3>\n\t<\/div>\n\t\t<div class=\"sow-carousel-item\" tabindex=\"-1\" style=\"float: left;\">\n\t\t<div class=\"sow-carousel-thumbnail\">\n\t\t\t\t\t\t\t<a\n\t\t\t\t\thref=\"http:\/\/terramae.pt\/inicio\/2020\/11\/04\/dia-da-familia-15-de-maio-de-2017\/\"\n\t\t\t\t\t\t\t\t\t\tstyle=\"background-image: url( http:\/\/terramae.pt\/inicio\/wp-content\/uploads\/2020\/11\/comp11-272x182.jpg )\"\n\t\t\t\t\taria-labelledby=\"sow-carousel-id-2308\"\n\t\t\t\t\ttabindex=\"-1\"\n\t\t\t\t>\n\t\t\t\t\t<span class=\"overlay\"><\/span>\n\t\t\t\t<\/a>\n\t\t\t\t\t<\/div>\n\t\t<h3 class=\"sow-carousel-item-title\">\n\t\t\t<a\n\t\t\t\thref=\"http:\/\/terramae.pt\/inicio\/2020\/11\/04\/dia-da-familia-15-de-maio-de-2017\/\"\n\t\t\t\tid=\"sow-carousel-id-2308\"\n\t\t\t\t\t\t\t\ttabindex=\"-1\"\n\t\t\t>\n\n\t\t\t\tGrupo de compet\u00eancias sociais e pessoais &#8211; 2017\t\t\t<\/a>\n\t\t<\/h3>\n\t<\/div>\n\t\t<div class=\"sow-carousel-item\" tabindex=\"-1\" style=\"float: left;\">\n\t\t<div class=\"sow-carousel-thumbnail\">\n\t\t\t\t\t\t\t<a\n\t\t\t\t\thref=\"http:\/\/terramae.pt\/inicio\/2020\/11\/04\/escola-da-crianca-2015\/\"\n\t\t\t\t\t\t\t\t\t\tstyle=\"background-image: url( http:\/\/terramae.pt\/inicio\/wp-content\/uploads\/2020\/11\/escolacriana_2015_14-272x182.jpg )\"\n\t\t\t\t\taria-labelledby=\"sow-carousel-id-2256\"\n\t\t\t\t\ttabindex=\"-1\"\n\t\t\t\t>\n\t\t\t\t\t<span class=\"overlay\"><\/span>\n\t\t\t\t<\/a>\n\t\t\t\t\t<\/div>\n\t\t<h3 class=\"sow-carousel-item-title\">\n\t\t\t<a\n\t\t\t\thref=\"http:\/\/terramae.pt\/inicio\/2020\/11\/04\/escola-da-crianca-2015\/\"\n\t\t\t\tid=\"sow-carousel-id-2256\"\n\t\t\t\t\t\t\t\ttabindex=\"-1\"\n\t\t\t>\n\n\t\t\t\tEscola da crian\u00e7a &#8211; 2015\t\t\t<\/a>\n\t\t<\/h3>\n\t<\/div>\n\t\t<div class=\"sow-carousel-item\" tabindex=\"-1\" style=\"float: left;\">\n\t\t<div class=\"sow-carousel-thumbnail\">\n\t\t\t\t\t\t\t<a\n\t\t\t\t\thref=\"http:\/\/terramae.pt\/inicio\/2020\/11\/04\/grupo-de-competencias-sociais-e-pessoais-vamos-descobrir-quem-somos-v\/\"\n\t\t\t\t\t\t\t\t\t\tstyle=\"background-image: url( http:\/\/terramae.pt\/inicio\/wp-content\/uploads\/2020\/11\/vamosdescobrirv_2-272x182.jpg )\"\n\t\t\t\t\taria-labelledby=\"sow-carousel-id-2247\"\n\t\t\t\t\ttabindex=\"-1\"\n\t\t\t\t>\n\t\t\t\t\t<span class=\"overlay\"><\/span>\n\t\t\t\t<\/a>\n\t\t\t\t\t<\/div>\n\t\t<h3 class=\"sow-carousel-item-title\">\n\t\t\t<a\n\t\t\t\thref=\"http:\/\/terramae.pt\/inicio\/2020\/11\/04\/grupo-de-competencias-sociais-e-pessoais-vamos-descobrir-quem-somos-v\/\"\n\t\t\t\tid=\"sow-carousel-id-2247\"\n\t\t\t\t\t\t\t\ttabindex=\"-1\"\n\t\t\t>\n\n\t\t\t\tGrupo de compet\u00eancias sociais e pessoais &#8211; Vamos descobrir quem somos V\t\t\t<\/a>\n\t\t<\/h3>\n\t<\/div>\n\t\t<div class=\"sow-carousel-item\" tabindex=\"-1\" style=\"float: left;\">\n\t\t<div class=\"sow-carousel-thumbnail\">\n\t\t\t\t\t\t\t<a\n\t\t\t\t\thref=\"http:\/\/terramae.pt\/inicio\/2020\/11\/04\/escola-de-criancas-2014-atividades-socio-terapeuticas\/\"\n\t\t\t\t\t\t\t\t\t\tstyle=\"background-image: url( http:\/\/terramae.pt\/inicio\/wp-content\/uploads\/2020\/11\/gil-272x182.jpg )\"\n\t\t\t\t\taria-labelledby=\"sow-carousel-id-2232\"\n\t\t\t\t\ttabindex=\"-1\"\n\t\t\t\t>\n\t\t\t\t\t<span class=\"overlay\"><\/span>\n\t\t\t\t<\/a>\n\t\t\t\t\t<\/div>\n\t\t<h3 class=\"sow-carousel-item-title\">\n\t\t\t<a\n\t\t\t\thref=\"http:\/\/terramae.pt\/inicio\/2020\/11\/04\/escola-de-criancas-2014-atividades-socio-terapeuticas\/\"\n\t\t\t\tid=\"sow-carousel-id-2232\"\n\t\t\t\t\t\t\t\ttabindex=\"-1\"\n\t\t\t>\n\n\t\t\t\tEscola de Crian\u00e7as 2014 &#8211; atividades s\u00f3cio terap\u00eauticas\t\t\t<\/a>\n\t\t<\/h3>\n\t<\/div>\n\t\t<div class=\"sow-carousel-item\" tabindex=\"-1\" style=\"float: left;\">\n\t\t<div class=\"sow-carousel-thumbnail\">\n\t\t\t\t\t\t\t<a\n\t\t\t\t\thref=\"http:\/\/terramae.pt\/inicio\/2020\/11\/04\/summers-2015-alcacovas\/\"\n\t\t\t\t\t\t\t\t\t\tstyle=\"background-image: url( http:\/\/terramae.pt\/inicio\/wp-content\/uploads\/2020\/11\/summer2015_2-272x182.jpg )\"\n\t\t\t\t\taria-labelledby=\"sow-carousel-id-2181\"\n\t\t\t\t\ttabindex=\"-1\"\n\t\t\t\t>\n\t\t\t\t\t<span class=\"overlay\"><\/span>\n\t\t\t\t<\/a>\n\t\t\t\t\t<\/div>\n\t\t<h3 class=\"sow-carousel-item-title\">\n\t\t\t<a\n\t\t\t\thref=\"http:\/\/terramae.pt\/inicio\/2020\/11\/04\/summers-2015-alcacovas\/\"\n\t\t\t\tid=\"sow-carousel-id-2181\"\n\t\t\t\t\t\t\t\ttabindex=\"-1\"\n\t\t\t>\n\n\t\t\t\tSummers 2015 &#8211; Alc\u00e1\u00e7ovas\t\t\t<\/a>\n\t\t<\/h3>\n\t<\/div>\n\t\t<div class=\"sow-carousel-item\" tabindex=\"-1\" style=\"float: left;\">\n\t\t<div class=\"sow-carousel-thumbnail\">\n\t\t\t\t\t\t\t<a\n\t\t\t\t\thref=\"http:\/\/terramae.pt\/inicio\/2020\/11\/04\/rede-construir-juntos\/\"\n\t\t\t\t\t\t\t\t\t\tstyle=\"background-image: url( http:\/\/terramae.pt\/inicio\/wp-content\/uploads\/2020\/11\/gasal_cj1_maio13-272x182.jpg )\"\n\t\t\t\t\taria-labelledby=\"sow-carousel-id-2144\"\n\t\t\t\t\ttabindex=\"-1\"\n\t\t\t\t>\n\t\t\t\t\t<span class=\"overlay\"><\/span>\n\t\t\t\t<\/a>\n\t\t\t\t\t<\/div>\n\t\t<h3 class=\"sow-carousel-item-title\">\n\t\t\t<a\n\t\t\t\thref=\"http:\/\/terramae.pt\/inicio\/2020\/11\/04\/rede-construir-juntos\/\"\n\t\t\t\tid=\"sow-carousel-id-2144\"\n\t\t\t\t\t\t\t\ttabindex=\"-1\"\n\t\t\t>\n\n\t\t\t\tRede construir juntos\t\t\t<\/a>\n\t\t<\/h3>\n\t<\/div>\n\t\t<div class=\"sow-carousel-item\" tabindex=\"-1\" style=\"float: left;\">\n\t\t<div class=\"sow-carousel-thumbnail\">\n\t\t\t\t\t\t\t<a\n\t\t\t\t\thref=\"http:\/\/terramae.pt\/inicio\/2020\/11\/04\/uns-dias-de-verao-em-alcacovas\/\"\n\t\t\t\t\t\t\t\t\t\tstyle=\"background-image: url( http:\/\/terramae.pt\/inicio\/wp-content\/uploads\/2020\/11\/atl2007-272x182.jpg )\"\n\t\t\t\t\taria-labelledby=\"sow-carousel-id-2112\"\n\t\t\t\t\ttabindex=\"-1\"\n\t\t\t\t>\n\t\t\t\t\t<span class=\"overlay\"><\/span>\n\t\t\t\t<\/a>\n\t\t\t\t\t<\/div>\n\t\t<h3 class=\"sow-carousel-item-title\">\n\t\t\t<a\n\t\t\t\thref=\"http:\/\/terramae.pt\/inicio\/2020\/11\/04\/uns-dias-de-verao-em-alcacovas\/\"\n\t\t\t\tid=\"sow-carousel-id-2112\"\n\t\t\t\t\t\t\t\ttabindex=\"-1\"\n\t\t\t>\n\n\t\t\t\tUns dias de ver\u00e3o em Alc\u00e1\u00e7ovas\t\t\t<\/a>\n\t\t<\/h3>\n\t<\/div>\n\t\t\t<\/div>\n\t\t\t<\/div>\n\n\t<\/div>\n\t\t<input type=\"hidden\" name=\"instance_hash\" value=\"20b0ef6b\"\/>\n\t<\/div>\n<\/div><\/div><\/div><\/div><div id=\"pgc-2599-0-1\"  class=\"panel-grid-cell\" ><div id=\"panel-2599-0-1-0\" class=\"so-panel widget widget_nav_menu panel-first-child panel-last-child\" data-index=\"4\" ><div class=\"panel-widget-style panel-widget-style-for-2599-0-1-0\" ><h3 class=\"widget-title\">Menu SAAS<\/h3><div class=\"menu-saas-container\"><ul id=\"menu-saas\" class=\"menu\"><li id=\"menu-item-3079\" class=\"menu-item menu-item-type-post_type menu-item-object-page menu-item-3079\"><a href=\"http:\/\/terramae.pt\/inicio\/saas\/saas-quem-somos\/\">Quem Somos<\/a><\/li>\n<li id=\"menu-item-3078\" class=\"menu-item menu-item-type-post_type menu-item-object-page menu-item-3078\"><a href=\"http:\/\/terramae.pt\/inicio\/saas\/psicologia\/\">Psicologia<\/a><\/li>\n<li id=\"menu-item-3077\" class=\"menu-item menu-item-type-post_type menu-item-object-page menu-item-3077\"><a href=\"http:\/\/terramae.pt\/inicio\/saas\/loja-social\/\">Loja Social<\/a><\/li>\n<li id=\"menu-item-3076\" class=\"menu-item menu-item-type-post_type menu-item-object-page menu-item-3076\"><a href=\"http:\/\/terramae.pt\/inicio\/saas\/apoio-alimentar\/\">Apoio Alimentar<\/a><\/li>\n<li id=\"menu-item-3075\" class=\"menu-item menu-item-type-post_type menu-item-object-page menu-item-3075\"><a href=\"http:\/\/terramae.pt\/inicio\/saas\/ajudas-tecnicas\/\">Ajudas T\u00e9cnicas<\/a><\/li>\n<li id=\"menu-item-3080\" class=\"menu-item menu-item-type-post_type menu-item-object-page menu-item-3080\"><a href=\"http:\/\/terramae.pt\/inicio\/saas\/atividades-para-criancas-e-jovens\/\">Atividades para Crian\u00e7as e Jovens<\/a><\/li>\n<li id=\"menu-item-3074\" class=\"menu-item menu-item-type-post_type menu-item-object-page menu-item-3074\"><a href=\"http:\/\/terramae.pt\/inicio\/saas\/formacao-para-adultos\/\">Forma\u00e7\u00e3o para Adultos<\/a><\/li>\n<li id=\"menu-item-3081\" class=\"menu-item menu-item-type-post_type menu-item-object-page menu-item-3081\"><a href=\"http:\/\/terramae.pt\/inicio\/saas\/grupo-intervencao-social-integrada\/\">Grupo de Interven\u00e7\u00e3o Social Integrada<\/a><\/li>\n<\/ul><\/div><\/div><\/div><\/div><\/div><div id=\"pg-2599-1\"  class=\"panel-grid panel-has-style\" ><div class=\"siteorigin-panels-stretch panel-row-style panel-row-style-for-2599-1\" data-stretch-type=\"full\" ><div id=\"pgc-2599-1-0\"  class=\"panel-grid-cell panel-grid-cell-empty\" ><\/div><\/div><\/div><\/div>","protected":false},"excerpt":{"rendered":"<p>Deixamos-vos algumas experi\u00eancias e projetos que temos proporcionado \u00e0s nossas crian\u00e7as e jovens, cientes que contribuir\u00e3o para um futuro melhor.<\/p>\n","protected":false},"author":1,"featured_media":0,"parent":565,"menu_order":0,"comment_status":"closed","ping_status":"closed","template":"template-full-width.php","meta":{"ngg_post_thumbnail":0,"footnotes":""},"class_list":["post-2599","page","type-page","status-publish","hentry"],"_links":{"self":[{"href":"http:\/\/terramae.pt\/inicio\/wp-json\/wp\/v2\/pages\/2599","targetHints":{"allow":["GET"]}}],"collection":[{"href":"http:\/\/terramae.pt\/inicio\/wp-json\/wp\/v2\/pages"}],"about":[{"href":"http:\/\/terramae.pt\/inicio\/wp-json\/wp\/v2\/types\/page"}],"author":[{"embeddable":true,"href":"http:\/\/terramae.pt\/inicio\/wp-json\/wp\/v2\/users\/1"}],"replies":[{"embeddable":true,"href":"http:\/\/terramae.pt\/inicio\/wp-json\/wp\/v2\/comments?post=2599"}],"version-history":[{"count":13,"href":"http:\/\/terramae.pt\/inicio\/wp-json\/wp\/v2\/pages\/2599\/revisions"}],"predecessor-version":[{"id":3146,"href":"http:\/\/terramae.pt\/inicio\/wp-json\/wp\/v2\/pages\/2599\/revisions\/3146"}],"up":[{"embeddable":true,"href":"http:\/\/terramae.pt\/inicio\/wp-json\/wp\/v2\/pages\/565"}],"wp:attachment":[{"href":"http:\/\/terramae.pt\/inicio\/wp-json\/wp\/v2\/media?parent=2599"}],"curies":[{"name":"wp","href":"https:\/\/api.w.org\/{rel}","templated":true}]}}