{"id":13,"date":"2020-07-21T21:32:04","date_gmt":"2020-07-21T21:32:04","guid":{"rendered":"http:\/\/terramae.pt\/inicio\/?page_id=13"},"modified":"2020-11-15T19:45:05","modified_gmt":"2020-11-15T19:45:05","slug":"historial","status":"publish","type":"page","link":"http:\/\/terramae.pt\/inicio\/a-instituicao\/historial\/","title":{"rendered":"Historial"},"content":{"rendered":"<div id=\"pl-13\"  class=\"panel-layout\" ><div id=\"pg-13-0\"  class=\"panel-grid panel-no-style\" ><div id=\"pgc-13-0-0\"  class=\"panel-grid-cell\" ><div id=\"panel-13-0-0-0\" class=\"so-panel widget widget_sow-image panel-first-child\" data-index=\"0\" ><div\n\t\t\t\n\t\t\tclass=\"so-widget-sow-image so-widget-sow-image-default-8b5b6f678277-13\"\n\t\t\t\n\t\t>\n<div class=\"sow-image-container\">\n\t\t<img \n\tsrc=\"http:\/\/terramae.pt\/inicio\/wp-content\/uploads\/2020\/10\/logotipo_terramae_azul_vertical-150x150.png\" width=\"150\" height=\"150\" sizes=\"(max-width: 150px) 100vw, 150px\" alt=\"\" \t\tclass=\"so-widget-image\"\/>\n\t<\/div>\n\n<\/div><\/div><div id=\"panel-13-0-0-1\" class=\"so-panel widget widget_sow-editor panel-last-child\" data-index=\"1\" ><div\n\t\t\t\n\t\t\tclass=\"so-widget-sow-editor so-widget-sow-editor-base\"\n\t\t\t\n\t\t>\n<div class=\"siteorigin-widget-tinymce textwidget\">\n\t<p style=\"text-align: justify;\" align=\"left\">A Associa\u00e7\u00e3o Terra M\u00e3e foi constitu\u00edda a 31 de maio de 2001 e registada como Institui\u00e7\u00e3o Particular de Solidariedade Social sem fins lucrativos, a 31 de julho de 2001.<\/p>\n<p style=\"text-align: justify;\" align=\"left\">Esta Associa\u00e7\u00e3o surgiu no concelho de Viana do Alentejo, mais concretamente na vila de Alc\u00e1\u00e7ovas, onde podemos encontrar uma moldura humana com grande esp\u00edrito associativo, facto que contribuiu bastante para que um projeto que h\u00e1 muito havia sido pensado tomasse algum rumo. Assim, atrav\u00e9s de contactos com as for\u00e7as vivas do concelho e pessoas com esp\u00edrito din\u00e2mico e empreendedor, meteram-se m\u00e3os \u00e0 obra!<\/p>\n<p style=\"text-align: justify;\" align=\"left\">No dia 1 de setembro de 2003 e ap\u00f3s o termo do Projeto de Luta contra a pobreza promovido ent\u00e3o pela C\u00e2mara Municipal de Viana do Alentejo foi celebrado um acordo de coopera\u00e7\u00e3o entre a Associa\u00e7\u00e3o Terra M\u00e3e e o Centro Distrital de Seguran\u00e7a Social de \u00c9vora, na \u00e1rea da Fam\u00edlia e Comunidade, para uma resposta social de Atendimento\/Acompanhamento Social. O GASAL \u2013 Gabinete de A\u00e7\u00e3o Social de Alc\u00e1\u00e7ovas. Este acordo contemplou a contrata\u00e7\u00e3o de uma Assistente Social, uma Psic\u00f3loga Cl\u00ednica e uma administrativa. Em novembro de 2007, foi celebrado um outro acordo de coopera\u00e7\u00e3o na \u00e1rea da Interven\u00e7\u00e3o Precoce para a Inf\u00e2ncia, que nos possibilita a interven\u00e7\u00e3o com 35 crian\u00e7as at\u00e9 aos 6 anos e respetivas fam\u00edlias.<\/p>\n<p style=\"text-align: justify;\" align=\"left\">Sob a miss\u00e3o \u201cEm cada crian\u00e7a h\u00e1 uma esperan\u00e7a\u201d as duas respostas sociais, trabalham com e para as fam\u00edlias residentes no concelho de Viana do Alentejo, com o objetivo de satisfazer diferentes necessidades nas seguintes \u00e1reas: organiza\u00e7\u00e3o da vida quotidiana, educa\u00e7\u00e3o, forma\u00e7\u00e3o, sa\u00fade, alimenta\u00e7\u00e3o, cultura entre outras. O acesso a recursos e a servi\u00e7os que permitam uma progressiva mudan\u00e7a e melhoria da vida de todos, \u00e9 tido em conta em todas as a\u00e7\u00f5es de car\u00e1cter t\u00e9cnico.<\/p>\n<p style=\"text-align: justify;\" align=\"left\">N\u00e3o pretendendo ser um servi\u00e7o exclusivo de combate \u00e0 pobreza, apostou-se num trabalho interinstitucional, din\u00e2mico e integrado, de forma a ir ao encontro das problem\u00e1ticas que mais se evidenciam na comunidade ao n\u00edvel social.<\/p>\n<p style=\"text-align: justify;\" align=\"left\">A Terra M\u00e3e com a colabora\u00e7\u00e3o de entidades p\u00fablicas e particulares locais, distritais e nacionais atua em v\u00e1rias frentes, com a\u00e7\u00f5es de grande utilidade quer seja no \u00e2mbito da Sa\u00fade, da Educa\u00e7\u00e3o, da Seguran\u00e7a Social ou dos tempos livres, alguns exemplos s\u00e3o o trabalho com as Escolas do concelho, Tribunais, Hospitais distritais, Associa\u00e7\u00e3o de dadores ben\u00e9volos de sangue, Instituto de Apoio \u00e0 Crian\u00e7a, Associa\u00e7\u00e3o Ch\u00e3o dos Meninos, CPCJ, REAPN entre outros.<\/p>\n<p style=\"text-align: justify;\" align=\"left\">De forma a demonstrar a for\u00e7a do seu impulso solid\u00e1rio e c\u00edvico, respondendo aos apelos de quem mais precisa, a ades\u00e3o da Terra M\u00e3e \u00e0s campanhas do Banco Alimentar contra a Fome e posterior distribui\u00e7\u00e3o dos g\u00e9neros alimentares tem sido uma realidade desde sempre. Esta iniciativa tem superado todas as expectativas e, duplicando os donativos, duplicou a felicidade de quantos ajudaram a passar a mensagem e contribuem para alimentar esta ideia.<\/p>\n<p style=\"text-align: justify;\" align=\"left\">Paralelamente ao apoio alimentar, somos entidade mediadora do POAPMC \u2013 Programa Operacional de apoio \u00e0s pessoas mais carenciadas desde o ano 2018, onde apoiamos uma m\u00e9dia de 30 fam\u00edlias (70 pessoas) e desde agosto de 2020, 140 pessoas no concelho de Viana do Alentejo.<\/p>\n<p style=\"text-align: justify;\" align=\"left\">Dispomos ainda de um Banco de ajudas t\u00e9cnicas e de uma Loja Social.<\/p>\n<p style=\"text-align: justify;\" align=\"left\">Em 2012, podemos ver o in\u00edcio da constru\u00e7\u00e3o da NOSSA sede: A NOSSA casa. Acreditamos que esta a\u00e7\u00e3o foi um pilar b\u00e1sico para o desenvolvimento das nossas atividades e para a melhoria do nosso trabalho em prol dos mais necessitados. Este passo n\u00e3o seria poss\u00edvel sem a ponte existente entre a Associa\u00e7\u00e3o e o Munic\u00edpio de Viana do Alentejo que cedeu o terreno e apoiou com 15% do valor da obra, e o Programa de Desenvolvimento Rural do Continente, designado por PRODER que apoiou com 75% do investimento, bem como o apoio de muitos \u201camigos\u201d desta causa.<\/p>\n<\/div>\n<\/div><\/div><\/div><\/div><\/div>","protected":false},"excerpt":{"rendered":"<p>A Associa\u00e7\u00e3o Terra M\u00e3e foi constitu\u00edda a 31 de maio de 2001 e registada como Institui\u00e7\u00e3o Particular de Solidariedade Social sem fins lucrativos, a 31 de julho de 2001. Esta Associa\u00e7\u00e3o surgiu no concelho de Viana do Alentejo, mais concretamente [&hellip;]<\/p>\n","protected":false},"author":1,"featured_media":0,"parent":3183,"menu_order":0,"comment_status":"closed","ping_status":"closed","template":"template-full-width.php","meta":{"ngg_post_thumbnail":0,"footnotes":""},"class_list":["post-13","page","type-page","status-publish","hentry"],"_links":{"self":[{"href":"http:\/\/terramae.pt\/inicio\/wp-json\/wp\/v2\/pages\/13","targetHints":{"allow":["GET"]}}],"collection":[{"href":"http:\/\/terramae.pt\/inicio\/wp-json\/wp\/v2\/pages"}],"about":[{"href":"http:\/\/terramae.pt\/inicio\/wp-json\/wp\/v2\/types\/page"}],"author":[{"embeddable":true,"href":"http:\/\/terramae.pt\/inicio\/wp-json\/wp\/v2\/users\/1"}],"replies":[{"embeddable":true,"href":"http:\/\/terramae.pt\/inicio\/wp-json\/wp\/v2\/comments?post=13"}],"version-history":[{"count":14,"href":"http:\/\/terramae.pt\/inicio\/wp-json\/wp\/v2\/pages\/13\/revisions"}],"predecessor-version":[{"id":3186,"href":"http:\/\/terramae.pt\/inicio\/wp-json\/wp\/v2\/pages\/13\/revisions\/3186"}],"up":[{"embeddable":true,"href":"http:\/\/terramae.pt\/inicio\/wp-json\/wp\/v2\/pages\/3183"}],"wp:attachment":[{"href":"http:\/\/terramae.pt\/inicio\/wp-json\/wp\/v2\/media?parent=13"}],"curies":[{"name":"wp","href":"https:\/\/api.w.org\/{rel}","templated":true}]}}